{"id":10,"date":"2023-11-13T11:28:12","date_gmt":"2023-11-13T10:28:12","guid":{"rendered":"https:\/\/patisserie-neu.fr\/?page_id=10"},"modified":"2026-02-20T14:08:24","modified_gmt":"2026-02-20T13:08:24","slug":"mes-patisseries-carte","status":"publish","type":"page","link":"https:\/\/patisserie-neu.fr\/index.php\/mes-patisseries-carte\/","title":{"rendered":"Mes p\u00e2tisseries"},"content":{"rendered":"\n<hr class=\"wp-block-separator has-alpha-channel-opacity\"\/>\n\n\n\n<h3 class=\"wp-block-heading has-text-align-center\">La gourmandise est ma priorit\u00e9.<\/h3>\n\n\n\n<p class=\"has-text-align-center\">Saveurs, textures, travail de produits de qualit\u00e9 et de saison, \u00e9quilibre en bouche, visuel, autant de points sur lesquels je suis attentive afin que chaque d\u00e9gustation soit une r\u00e9ussite.<br><br>Et pour que ces moments de plaisir riment avec l\u00e9g\u00e8ret\u00e9 et non culpabilit\u00e9, je veille \u00e0 r\u00e9duire la teneur en sucre de mes pr\u00e9parations.&nbsp;<\/p>\n\n\n\n<div style=\"height:37px\" aria-hidden=\"true\" class=\"wp-block-spacer\"><\/div>\n\n\n\n<p class=\"has-text-align-center has-medium-font-size\">Pour d\u00e9couvrir le d\u00e9tail des p\u00e2tisseries propos\u00e9es (composition, formats disponibles, tarifs), il suffit de cliquer dessus !<\/p>\n\n\n\n<div style=\"height:28px\" aria-hidden=\"true\" class=\"wp-block-spacer\"><\/div>\n\n\n\n<div class=\"wp-block-uagb-container uagb-block-d39da74c alignwide uagb-is-root-container\">\n<h2 class=\"wp-block-heading has-text-align-center\">Carte Hiver<\/h2>\n\n\n\n<div class=\"wp-block-columns is-layout-flex wp-container-core-columns-is-layout-9d6595d7 wp-block-columns-is-layout-flex\">\n<div class=\"wp-block-column is-layout-flow wp-block-column-is-layout-flow\" style=\"flex-basis:52%\">\n<div class=\"wp-block-uagb-image aligncenter uagb-block-e952b5b5 wp-block-uagb-image--layout-overlay wp-block-uagb-image--effect-static wp-block-uagb-image--align-center\"><figure class=\"wp-block-uagb-image__figure\"><a class=\"\" href=\"https:\/\/patisserie-neu.fr\/index.php\/mes-patisseries-carte\/tarte-citron-meringuee\/\" target=\"\" rel=\"noopener\"><img decoding=\"async\" srcset=\"https:\/\/patisserie-neu.fr\/wp-content\/uploads\/2026\/02\/IMG_20260115_155449B-1024x1020.webp ,https:\/\/patisserie-neu.fr\/wp-content\/uploads\/2026\/02\/IMG_20260115_155449B.webp 780w, https:\/\/patisserie-neu.fr\/wp-content\/uploads\/2026\/02\/IMG_20260115_155449B.webp 360w\" sizes=\"auto, (max-width: 480px) 150px\" src=\"https:\/\/patisserie-neu.fr\/wp-content\/uploads\/2026\/02\/IMG_20260115_155449B-1024x1020.webp\" alt=\"\" class=\"uag-image-1293\" width=\"1024\" height=\"936\" title=\"\" loading=\"lazy\"\/><\/a><div class=\"wp-block-uagb-image--layout-overlay__color-wrapper\"><\/div><div class=\"wp-block-uagb-image--layout-overlay__inner bottom-center\"><a class=\"wp-block-uagb-image--layout-overlay-link \" href=\"https:\/\/patisserie-neu.fr\/index.php\/mes-patisseries-carte\/tarte-citron-meringuee\/\" target=\"\" rel=\"noopener\"><\/a><h6 class=\"uagb-image-heading\"><strong><a href=\"https:\/\/patisserie-neu.fr\/index.php\/tarte-citron-meringuee\/\">Tarte poire-p\u00e9can<\/a><\/strong><\/h6><div class=\"uagb-image-separator\"><\/div><\/div><\/figure><\/div>\n\n\n\n<div class=\"wp-block-uagb-image aligncenter uagb-block-9b1bf6b6 wp-block-uagb-image--layout-overlay wp-block-uagb-image--effect-static wp-block-uagb-image--align-center\"><figure class=\"wp-block-uagb-image__figure\"><a class=\"\" href=\"https:\/\/patisserie-neu.fr\/index.php\/tarte-cafe-intense\/\" target=\"\" rel=\"noopener\"><img decoding=\"async\" srcset=\"https:\/\/patisserie-neu.fr\/wp-content\/uploads\/2026\/02\/IMG_20260115_155632-758x1024.webp ,https:\/\/patisserie-neu.fr\/wp-content\/uploads\/2026\/02\/IMG_20260115_155632-scaled.webp 780w, https:\/\/patisserie-neu.fr\/wp-content\/uploads\/2026\/02\/IMG_20260115_155632-scaled.webp 360w\" sizes=\"auto, (max-width: 480px) 150px\" src=\"https:\/\/patisserie-neu.fr\/wp-content\/uploads\/2026\/02\/IMG_20260115_155632-758x1024.webp\" alt=\"\" class=\"uag-image-1296\" width=\"1024\" height=\"936\" title=\"\" loading=\"lazy\"\/><\/a><div class=\"wp-block-uagb-image--layout-overlay__color-wrapper\"><\/div><div class=\"wp-block-uagb-image--layout-overlay__inner bottom-center\"><a class=\"wp-block-uagb-image--layout-overlay-link \" href=\"https:\/\/patisserie-neu.fr\/index.php\/tarte-cafe-intense\/\" target=\"\" rel=\"noopener\"><\/a><h6 class=\"uagb-image-heading\"><a href=\"https:\/\/patisserie-neu.fr\/index.php\/tarte-cafe-intense\/\">Tarte choco-cacahu\u00e8te<\/a><\/h6><div class=\"uagb-image-separator\"><\/div><\/div><\/figure><\/div>\n<\/div>\n\n\n\n<div class=\"wp-block-column is-layout-flow wp-block-column-is-layout-flow\" style=\"flex-basis:52%\">\n<div class=\"wp-block-uagb-image aligncenter uagb-block-1ade0940 wp-block-uagb-image--layout-overlay wp-block-uagb-image--effect-static wp-block-uagb-image--align-center\"><figure class=\"wp-block-uagb-image__figure\"><a class=\"\" href=\"https:\/\/patisserie-neu.fr\/index.php\/tarte-banoffee-2\/\" target=\"\" rel=\"noopener\"><img decoding=\"async\" srcset=\"https:\/\/patisserie-neu.fr\/wp-content\/uploads\/2026\/02\/IMG_20260115_155605B-746x1024.webp ,https:\/\/patisserie-neu.fr\/wp-content\/uploads\/2026\/02\/IMG_20260115_155605B-scaled.webp 780w, https:\/\/patisserie-neu.fr\/wp-content\/uploads\/2026\/02\/IMG_20260115_155605B-scaled.webp 360w\" sizes=\"auto, (max-width: 480px) 150px\" src=\"https:\/\/patisserie-neu.fr\/wp-content\/uploads\/2026\/02\/IMG_20260115_155605B-746x1024.webp\" alt=\"\" class=\"uag-image-1295\" width=\"1024\" height=\"936\" title=\"\" loading=\"lazy\"\/><\/a><div class=\"wp-block-uagb-image--layout-overlay__color-wrapper\"><\/div><div class=\"wp-block-uagb-image--layout-overlay__inner bottom-center\"><a class=\"wp-block-uagb-image--layout-overlay-link \" href=\"https:\/\/patisserie-neu.fr\/index.php\/tarte-banoffee-2\/\" target=\"\" rel=\"noopener\"><\/a><h6 class=\"uagb-image-heading\"><strong><a href=\"https:\/\/patisserie-neu.fr\/index.php\/tarte-banoffee-2\/\">Mont-blanc<\/a><\/strong><\/h6><div class=\"uagb-image-separator\"><\/div><\/div><\/figure><\/div>\n\n\n\n<div class=\"wp-block-uagb-image aligncenter uagb-block-b7cb003f wp-block-uagb-image--layout-overlay wp-block-uagb-image--effect-static wp-block-uagb-image--align-center\"><figure class=\"wp-block-uagb-image__figure\"><a class=\"\" href=\"https:\/\/patisserie-neu.fr\/index.php\/tarte-cacahuete-2\/\" target=\"\" rel=\"noopener\"><img decoding=\"async\" srcset=\"https:\/\/patisserie-neu.fr\/wp-content\/uploads\/2026\/02\/IMG_20260115_155546B-778x1024.webp ,https:\/\/patisserie-neu.fr\/wp-content\/uploads\/2026\/02\/IMG_20260115_155546B-scaled.webp 780w, https:\/\/patisserie-neu.fr\/wp-content\/uploads\/2026\/02\/IMG_20260115_155546B-scaled.webp 360w\" sizes=\"auto, (max-width: 480px) 150px\" src=\"https:\/\/patisserie-neu.fr\/wp-content\/uploads\/2026\/02\/IMG_20260115_155546B-778x1024.webp\" alt=\"\" class=\"uag-image-1297\" width=\"1024\" height=\"936\" title=\"\" loading=\"lazy\"\/><\/a><div class=\"wp-block-uagb-image--layout-overlay__color-wrapper\"><\/div><div class=\"wp-block-uagb-image--layout-overlay__inner bottom-center\"><a class=\"wp-block-uagb-image--layout-overlay-link \" href=\"https:\/\/patisserie-neu.fr\/index.php\/tarte-cacahuete-2\/\" target=\"\" rel=\"noopener\"><\/a><h6 class=\"uagb-image-heading\"><strong><a href=\"https:\/\/patisserie-neu.fr\/index.php\/tarte-cacahuete-2\/\">Sabl\u00e9 fa\u00e7on tatin<\/a><\/strong><\/h6><div class=\"uagb-image-separator\"><\/div><\/div><\/figure><\/div>\n<\/div>\n<\/div>\n<\/div>\n\n\n\n<div style=\"height:100px\" aria-hidden=\"true\" class=\"wp-block-spacer\"><\/div>\n\n\n\n<div class=\"wp-block-uagb-container uagb-block-90d545e3 alignwide uagb-is-root-container\">\n<h2 class=\"wp-block-heading has-text-align-center\" id=\"douceur\">Cookies<\/h2>\n\n\n\n<div class=\"wp-block-columns is-layout-flex wp-container-core-columns-is-layout-9d6595d7 wp-block-columns-is-layout-flex\">\n<div class=\"wp-block-column is-layout-flow wp-block-column-is-layout-flow\" style=\"flex-basis:52%\">\n<div class=\"wp-block-uagb-image aligncenter uagb-block-503187a2 wp-block-uagb-image--layout-overlay wp-block-uagb-image--effect-static wp-block-uagb-image--align-center\"><figure class=\"wp-block-uagb-image__figure\"><img decoding=\"async\" srcset=\"https:\/\/patisserie-neu.fr\/wp-content\/uploads\/2025\/11\/IMG_20251113_123146-1-876x1024.webp ,https:\/\/patisserie-neu.fr\/wp-content\/uploads\/2025\/11\/IMG_20251113_123146-1-scaled.webp 780w, https:\/\/patisserie-neu.fr\/wp-content\/uploads\/2025\/11\/IMG_20251113_123146-1-scaled.webp 360w\" sizes=\"auto, (max-width: 480px) 150px\" src=\"https:\/\/patisserie-neu.fr\/wp-content\/uploads\/2025\/11\/IMG_20251113_123146-1-876x1024.webp\" alt=\"\" class=\"uag-image-1267\" width=\"1024\" height=\"936\" title=\"\" loading=\"lazy\"\/><div class=\"wp-block-uagb-image--layout-overlay__color-wrapper\"><\/div><div class=\"wp-block-uagb-image--layout-overlay__inner bottom-center\"><a class=\"wp-block-uagb-image--layout-overlay-link \" href=\"\" target=\"\" rel=\"noopener\"><\/a><h6 class=\"uagb-image-heading\"><a data-type=\"page\" data-id=\"502\" href=\"https:\/\/patisserie-neu.fr\/index.php\/gateau-basque-2\/\">P\u00e9pites chocolat<\/a><\/h6><div class=\"uagb-image-separator\"><\/div><\/div><\/figure><\/div>\n\n\n\n<div class=\"wp-block-uagb-image aligncenter uagb-block-b5c375bb wp-block-uagb-image--layout-overlay wp-block-uagb-image--effect-static wp-block-uagb-image--align-center\"><figure class=\"wp-block-uagb-image__figure\"><img decoding=\"async\" srcset=\"https:\/\/patisserie-neu.fr\/wp-content\/uploads\/2025\/11\/IMG_20251113_122530-1-832x1024.webp ,https:\/\/patisserie-neu.fr\/wp-content\/uploads\/2025\/11\/IMG_20251113_122530-1-scaled.webp 780w, https:\/\/patisserie-neu.fr\/wp-content\/uploads\/2025\/11\/IMG_20251113_122530-1-scaled.webp 360w\" sizes=\"auto, (max-width: 480px) 150px\" src=\"https:\/\/patisserie-neu.fr\/wp-content\/uploads\/2025\/11\/IMG_20251113_122530-1-832x1024.webp\" alt=\"\" class=\"uag-image-1268\" width=\"1024\" height=\"936\" title=\"\" loading=\"lazy\"\/><div class=\"wp-block-uagb-image--layout-overlay__color-wrapper\"><\/div><div class=\"wp-block-uagb-image--layout-overlay__inner bottom-center\"><a class=\"wp-block-uagb-image--layout-overlay-link \" href=\"\" target=\"\" rel=\"noopener\"><\/a><h6 class=\"uagb-image-heading\"><a data-type=\"page\" data-id=\"506\" href=\"https:\/\/patisserie-neu.fr\/index.php\/cookies\/\">Caramel beurre sal\u00e9 &#8211; <a data-type=\"page\" data-id=\"510\" href=\"https:\/\/patisserie-neu.fr\/index.php\/flan\/\">cacahu\u00e8te<\/a><\/a><\/h6><div class=\"uagb-image-separator\"><\/div><\/div><\/figure><\/div>\n<\/div>\n\n\n\n<div class=\"wp-block-column is-layout-flow wp-block-column-is-layout-flow\" style=\"flex-basis:52%\">\n<div class=\"wp-block-uagb-image aligncenter uagb-block-1e78b4bb wp-block-uagb-image--layout-overlay wp-block-uagb-image--effect-static wp-block-uagb-image--align-center\"><figure class=\"wp-block-uagb-image__figure\"><img decoding=\"async\" srcset=\"https:\/\/patisserie-neu.fr\/wp-content\/uploads\/2023\/11\/IMG_20230730_094927-edited-1024x1024.jpg ,https:\/\/patisserie-neu.fr\/wp-content\/uploads\/2023\/11\/IMG_20230730_094927-edited.jpg 780w, https:\/\/patisserie-neu.fr\/wp-content\/uploads\/2023\/11\/IMG_20230730_094927-edited.jpg 360w\" sizes=\"auto, (max-width: 480px) 150px\" src=\"https:\/\/patisserie-neu.fr\/wp-content\/uploads\/2023\/11\/IMG_20230730_094927-edited-1024x1024.jpg\" alt=\"\" class=\"uag-image-87\" width=\"1018\" height=\"345\" title=\"\" loading=\"lazy\"\/><div class=\"wp-block-uagb-image--layout-overlay__color-wrapper\"><\/div><div class=\"wp-block-uagb-image--layout-overlay__inner bottom-center\"><a class=\"wp-block-uagb-image--layout-overlay-link \" href=\"\" target=\"\" rel=\"noopener\"><\/a><h6 class=\"uagb-image-heading\"><a data-type=\"page\" data-id=\"510\" href=\"https:\/\/patisserie-neu.fr\/index.php\/flan\/\">Caramel beurre sal\u00e9 &#8211;<a data-type=\"page\" data-id=\"506\" href=\"https:\/\/patisserie-neu.fr\/index.php\/cookies\/\"> pralin\u00e9 <\/a> <\/a><\/h6><div class=\"uagb-image-separator\"><\/div><\/div><\/figure><\/div>\n\n\n\n<div class=\"wp-block-uagb-image aligncenter uagb-block-962776bf wp-block-uagb-image--layout-overlay wp-block-uagb-image--effect-static wp-block-uagb-image--align-center\"><figure class=\"wp-block-uagb-image__figure\"><img decoding=\"async\" srcset=\"https:\/\/patisserie-neu.fr\/wp-content\/uploads\/2025\/11\/IMG_20251113_123307-859x1024.webp ,https:\/\/patisserie-neu.fr\/wp-content\/uploads\/2025\/11\/IMG_20251113_123307-scaled.webp 780w, https:\/\/patisserie-neu.fr\/wp-content\/uploads\/2025\/11\/IMG_20251113_123307-scaled.webp 360w\" sizes=\"auto, (max-width: 480px) 150px\" src=\"https:\/\/patisserie-neu.fr\/wp-content\/uploads\/2025\/11\/IMG_20251113_123307-859x1024.webp\" alt=\"\" class=\"uag-image-1266\" width=\"1024\" height=\"328\" title=\"\" loading=\"lazy\"\/><div class=\"wp-block-uagb-image--layout-overlay__color-wrapper\"><\/div><div class=\"wp-block-uagb-image--layout-overlay__inner bottom-center\"><a class=\"wp-block-uagb-image--layout-overlay-link \" href=\"\" target=\"\" rel=\"noopener\"><\/a><h6 class=\"uagb-image-heading\">\u00ab\u00a0<a href=\"https:\/\/patisserie-neu.fr\/index.php\/country\/\">Country<\/a>\u00ab\u00a0<\/h6><div class=\"uagb-image-separator\"><\/div><\/div><\/figure><\/div>\n<\/div>\n<\/div>\n<\/div>\n\n\n\n<div style=\"height:100px\" aria-hidden=\"true\" class=\"wp-block-spacer\"><\/div>\n\n\n\n<div class=\"wp-block-uagb-container uagb-block-0cda279e alignwide uagb-is-root-container\">\n<h2 class=\"wp-block-heading has-text-align-center\" id=\"douceur\">Ev\u00e8nement<\/h2>\n\n\n\n<div class=\"wp-block-columns is-layout-flex wp-container-core-columns-is-layout-9d6595d7 wp-block-columns-is-layout-flex\">\n<div class=\"wp-block-column is-layout-flow wp-block-column-is-layout-flow\" style=\"flex-basis:52%\">\n<div class=\"wp-block-uagb-image uagb-block-966f7bda wp-block-uagb-image--layout-overlay wp-block-uagb-image--effect-static wp-block-uagb-image--align-none\"><figure class=\"wp-block-uagb-image__figure\"><img decoding=\"async\" srcset=\"https:\/\/patisserie-neu.fr\/wp-content\/uploads\/2023\/11\/IMG_20230827_194302-710x1024.jpg ,https:\/\/patisserie-neu.fr\/wp-content\/uploads\/2023\/11\/IMG_20230827_194302-scaled.jpg 780w, https:\/\/patisserie-neu.fr\/wp-content\/uploads\/2023\/11\/IMG_20230827_194302-scaled.jpg 360w\" sizes=\"auto, (max-width: 480px) 150px\" src=\"https:\/\/patisserie-neu.fr\/wp-content\/uploads\/2023\/11\/IMG_20230827_194302-710x1024.jpg\" alt=\". Number cake\" class=\"uag-image-51\" width=\"1024\" height=\"936\" title=\"\" loading=\"lazy\"\/><div class=\"wp-block-uagb-image--layout-overlay__color-wrapper\"><\/div><div class=\"wp-block-uagb-image--layout-overlay__inner bottom-center\"><a class=\"wp-block-uagb-image--layout-overlay-link \" href=\"\" target=\"\" rel=\"noopener\"><\/a><h6 class=\"uagb-image-heading\"><a href=\"https:\/\/patisserie-neu.fr\/wp-content\/uploads\/2023\/11\/IMG_20221112_071345-scaled.jpg\" data-rel=\"lightbox-image-0\" data-rl_title=\"\" data-rl_caption=\"Fa\u00e7on pi\u00e8ce mont\u00e9e . A5\/ 5-6 pers. \u2013 25\u20ac . A4\/ 10-12 pers.- 50\u20ac\" title=\"\">Number \/ Letter cake <\/a><\/h6><div class=\"uagb-image-separator\"><\/div><\/div><\/figure><\/div>\n<\/div>\n<\/div>\n<\/div>\n\n\n\n<div style=\"height:100px\" aria-hidden=\"true\" class=\"wp-block-spacer\"><\/div>\n\n\n<!--Smart Slider #3 does NOT EXIST or has NO SLIDES!WordPress Shortcode-->","protected":false},"excerpt":{"rendered":"<p>La gourmandise est ma priorit\u00e9. Saveurs, textures, travail de produits de qualit\u00e9 et de saison, \u00e9quilibre en bouche, visuel, autant de points sur lesquels je suis attentive afin que chaque d\u00e9gustation soit une r\u00e9ussite. Et pour que ces moments de plaisir riment avec l\u00e9g\u00e8ret\u00e9 et non culpabilit\u00e9, je veille \u00e0 r\u00e9duire la teneur en sucre&hellip;&nbsp;<a href=\"https:\/\/patisserie-neu.fr\/index.php\/mes-patisseries-carte\/\" class=\"\" rel=\"bookmark\">Lire la suite &raquo;<span class=\"screen-reader-text\">Mes p\u00e2tisseries<\/span><\/a><\/p>\n","protected":false},"author":1,"featured_media":0,"parent":0,"menu_order":0,"comment_status":"closed","ping_status":"closed","template":"","meta":{"_uag_custom_page_level_css":"","_monsterinsights_skip_tracking":false,"_monsterinsights_sitenote_active":false,"_monsterinsights_sitenote_note":"","_monsterinsights_sitenote_category":0,"neve_meta_sidebar":"default","neve_meta_container":"default","neve_meta_enable_content_width":"off","neve_meta_content_width":85,"neve_meta_title_alignment":"","neve_meta_author_avatar":"","neve_post_elements_order":"","neve_meta_disable_header":"","neve_meta_disable_footer":"","neve_meta_disable_title":"","footnotes":""},"class_list":["post-10","page","type-page","status-publish","hentry"],"yoast_head":"<!-- This site is optimized with the Yoast SEO plugin v21.5 - https:\/\/yoast.com\/wordpress\/plugins\/seo\/ -->\n<title>Mes p\u00e2tisseries - P\u00e2tisserie Ne\u00fc<\/title>\n<meta name=\"description\" content=\"Retrouvez ici mes propositions de p\u00e2tisseries pour toutes les occasions! Du petit plaisir de la journ\u00e9e au grands \u00e9v\u00e9nements!\" \/>\n<meta name=\"robots\" content=\"index, follow, max-snippet:-1, max-image-preview:large, max-video-preview:-1\" \/>\n<link rel=\"canonical\" href=\"https:\/\/patisserie-neu.fr\/index.php\/mes-patisseries-carte\/\" \/>\n<meta property=\"og:locale\" content=\"fr_FR\" \/>\n<meta property=\"og:type\" content=\"article\" \/>\n<meta property=\"og:title\" content=\"Mes p\u00e2tisseries - P\u00e2tisserie Ne\u00fc\" \/>\n<meta property=\"og:description\" content=\"Retrouvez ici mes propositions de p\u00e2tisseries pour toutes les occasions! Du petit plaisir de la journ\u00e9e au grands \u00e9v\u00e9nements!\" \/>\n<meta property=\"og:url\" content=\"https:\/\/patisserie-neu.fr\/index.php\/mes-patisseries-carte\/\" \/>\n<meta property=\"og:site_name\" content=\"P\u00e2tisserie Ne\u00fc\" \/>\n<meta property=\"article:publisher\" content=\"https:\/\/www.facebook.com\/Melaine.Gourmandises\" \/>\n<meta property=\"article:modified_time\" content=\"2026-02-20T13:08:24+00:00\" \/>\n<meta property=\"og:image\" content=\"https:\/\/patisserie-neu.fr\/wp-content\/uploads\/2026\/02\/IMG_20260115_155449B-1024x1020.webp\" \/>\n<meta name=\"twitter:card\" content=\"summary_large_image\" \/>\n<meta name=\"twitter:label1\" content=\"Dur\u00e9e de lecture estim\u00e9e\" \/>\n\t<meta name=\"twitter:data1\" content=\"3 minutes\" \/>\n<script type=\"application\/ld+json\" class=\"yoast-schema-graph\">{\"@context\":\"https:\/\/schema.org\",\"@graph\":[{\"@type\":\"WebPage\",\"@id\":\"https:\/\/patisserie-neu.fr\/index.php\/mes-patisseries-carte\/\",\"url\":\"https:\/\/patisserie-neu.fr\/index.php\/mes-patisseries-carte\/\",\"name\":\"Mes p\u00e2tisseries - P\u00e2tisserie Ne\u00fc\",\"isPartOf\":{\"@id\":\"https:\/\/patisserie-neu.fr\/#website\"},\"datePublished\":\"2023-11-13T10:28:12+00:00\",\"dateModified\":\"2026-02-20T13:08:24+00:00\",\"description\":\"Retrouvez ici mes propositions de p\u00e2tisseries pour toutes les occasions! Du petit plaisir de la journ\u00e9e au grands \u00e9v\u00e9nements!\",\"breadcrumb\":{\"@id\":\"https:\/\/patisserie-neu.fr\/index.php\/mes-patisseries-carte\/#breadcrumb\"},\"inLanguage\":\"fr-FR\",\"potentialAction\":[{\"@type\":\"ReadAction\",\"target\":[\"https:\/\/patisserie-neu.fr\/index.php\/mes-patisseries-carte\/\"]}]},{\"@type\":\"BreadcrumbList\",\"@id\":\"https:\/\/patisserie-neu.fr\/index.php\/mes-patisseries-carte\/#breadcrumb\",\"itemListElement\":[{\"@type\":\"ListItem\",\"position\":1,\"name\":\"Accueil\",\"item\":\"https:\/\/patisserie-neu.fr\/\"},{\"@type\":\"ListItem\",\"position\":2,\"name\":\"Mes p\u00e2tisseries\"}]},{\"@type\":\"WebSite\",\"@id\":\"https:\/\/patisserie-neu.fr\/#website\",\"url\":\"https:\/\/patisserie-neu.fr\/\",\"name\":\"P\u00e2tisserie Ne\u00fc\",\"description\":\"\",\"publisher\":{\"@id\":\"https:\/\/patisserie-neu.fr\/#organization\"},\"alternateName\":\"Ne\u00fc\",\"potentialAction\":[{\"@type\":\"SearchAction\",\"target\":{\"@type\":\"EntryPoint\",\"urlTemplate\":\"https:\/\/patisserie-neu.fr\/?s={search_term_string}\"},\"query-input\":\"required name=search_term_string\"}],\"inLanguage\":\"fr-FR\"},{\"@type\":\"Organization\",\"@id\":\"https:\/\/patisserie-neu.fr\/#organization\",\"name\":\"Patisserie Ne\u00fc\",\"url\":\"https:\/\/patisserie-neu.fr\/\",\"logo\":{\"@type\":\"ImageObject\",\"inLanguage\":\"fr-FR\",\"@id\":\"https:\/\/patisserie-neu.fr\/#\/schema\/logo\/image\/\",\"url\":\"https:\/\/patisserie-neu.fr\/wp-content\/uploads\/2023\/11\/cropped-logo_neu_rvb_fond-blanc-1.jpg\",\"contentUrl\":\"https:\/\/patisserie-neu.fr\/wp-content\/uploads\/2023\/11\/cropped-logo_neu_rvb_fond-blanc-1.jpg\",\"width\":512,\"height\":512,\"caption\":\"Patisserie Ne\u00fc\"},\"image\":{\"@id\":\"https:\/\/patisserie-neu.fr\/#\/schema\/logo\/image\/\"},\"sameAs\":[\"https:\/\/www.facebook.com\/Melaine.Gourmandises\",\"https:\/\/www.instagram.com\/patisserie.neu\/\"]}]}<\/script>\n<!-- \/ Yoast SEO plugin. -->","yoast_head_json":{"title":"Mes p\u00e2tisseries - P\u00e2tisserie Ne\u00fc","description":"Retrouvez ici mes propositions de p\u00e2tisseries pour toutes les occasions! Du petit plaisir de la journ\u00e9e au grands \u00e9v\u00e9nements!","robots":{"index":"index","follow":"follow","max-snippet":"max-snippet:-1","max-image-preview":"max-image-preview:large","max-video-preview":"max-video-preview:-1"},"canonical":"https:\/\/patisserie-neu.fr\/index.php\/mes-patisseries-carte\/","og_locale":"fr_FR","og_type":"article","og_title":"Mes p\u00e2tisseries - P\u00e2tisserie Ne\u00fc","og_description":"Retrouvez ici mes propositions de p\u00e2tisseries pour toutes les occasions! Du petit plaisir de la journ\u00e9e au grands \u00e9v\u00e9nements!","og_url":"https:\/\/patisserie-neu.fr\/index.php\/mes-patisseries-carte\/","og_site_name":"P\u00e2tisserie Ne\u00fc","article_publisher":"https:\/\/www.facebook.com\/Melaine.Gourmandises","article_modified_time":"2026-02-20T13:08:24+00:00","og_image":[{"url":"https:\/\/patisserie-neu.fr\/wp-content\/uploads\/2026\/02\/IMG_20260115_155449B-1024x1020.webp"}],"twitter_card":"summary_large_image","twitter_misc":{"Dur\u00e9e de lecture estim\u00e9e":"3 minutes"},"schema":{"@context":"https:\/\/schema.org","@graph":[{"@type":"WebPage","@id":"https:\/\/patisserie-neu.fr\/index.php\/mes-patisseries-carte\/","url":"https:\/\/patisserie-neu.fr\/index.php\/mes-patisseries-carte\/","name":"Mes p\u00e2tisseries - P\u00e2tisserie Ne\u00fc","isPartOf":{"@id":"https:\/\/patisserie-neu.fr\/#website"},"datePublished":"2023-11-13T10:28:12+00:00","dateModified":"2026-02-20T13:08:24+00:00","description":"Retrouvez ici mes propositions de p\u00e2tisseries pour toutes les occasions! Du petit plaisir de la journ\u00e9e au grands \u00e9v\u00e9nements!","breadcrumb":{"@id":"https:\/\/patisserie-neu.fr\/index.php\/mes-patisseries-carte\/#breadcrumb"},"inLanguage":"fr-FR","potentialAction":[{"@type":"ReadAction","target":["https:\/\/patisserie-neu.fr\/index.php\/mes-patisseries-carte\/"]}]},{"@type":"BreadcrumbList","@id":"https:\/\/patisserie-neu.fr\/index.php\/mes-patisseries-carte\/#breadcrumb","itemListElement":[{"@type":"ListItem","position":1,"name":"Accueil","item":"https:\/\/patisserie-neu.fr\/"},{"@type":"ListItem","position":2,"name":"Mes p\u00e2tisseries"}]},{"@type":"WebSite","@id":"https:\/\/patisserie-neu.fr\/#website","url":"https:\/\/patisserie-neu.fr\/","name":"P\u00e2tisserie Ne\u00fc","description":"","publisher":{"@id":"https:\/\/patisserie-neu.fr\/#organization"},"alternateName":"Ne\u00fc","potentialAction":[{"@type":"SearchAction","target":{"@type":"EntryPoint","urlTemplate":"https:\/\/patisserie-neu.fr\/?s={search_term_string}"},"query-input":"required name=search_term_string"}],"inLanguage":"fr-FR"},{"@type":"Organization","@id":"https:\/\/patisserie-neu.fr\/#organization","name":"Patisserie Ne\u00fc","url":"https:\/\/patisserie-neu.fr\/","logo":{"@type":"ImageObject","inLanguage":"fr-FR","@id":"https:\/\/patisserie-neu.fr\/#\/schema\/logo\/image\/","url":"https:\/\/patisserie-neu.fr\/wp-content\/uploads\/2023\/11\/cropped-logo_neu_rvb_fond-blanc-1.jpg","contentUrl":"https:\/\/patisserie-neu.fr\/wp-content\/uploads\/2023\/11\/cropped-logo_neu_rvb_fond-blanc-1.jpg","width":512,"height":512,"caption":"Patisserie Ne\u00fc"},"image":{"@id":"https:\/\/patisserie-neu.fr\/#\/schema\/logo\/image\/"},"sameAs":["https:\/\/www.facebook.com\/Melaine.Gourmandises","https:\/\/www.instagram.com\/patisserie.neu\/"]}]}},"jetpack_sharing_enabled":true,"uagb_featured_image_src":{"full":false,"thumbnail":false,"medium":false,"medium_large":false,"large":false,"1536x1536":false,"2048x2048":false,"neve-blog":false},"uagb_author_info":{"display_name":"admin8768","author_link":"https:\/\/patisserie-neu.fr\/index.php\/author\/admin8768\/"},"uagb_comment_info":0,"uagb_excerpt":"La gourmandise est ma priorit\u00e9. Saveurs, textures, travail de produits de qualit\u00e9 et de saison, \u00e9quilibre en bouche, visuel, autant de points sur lesquels je suis attentive afin que chaque d\u00e9gustation soit une r\u00e9ussite. Et pour que ces moments de plaisir riment avec l\u00e9g\u00e8ret\u00e9 et non culpabilit\u00e9, je veille \u00e0 r\u00e9duire la teneur en sucre&hellip;&nbsp;Lire\u2026","_links":{"self":[{"href":"https:\/\/patisserie-neu.fr\/index.php\/wp-json\/wp\/v2\/pages\/10","targetHints":{"allow":["GET"]}}],"collection":[{"href":"https:\/\/patisserie-neu.fr\/index.php\/wp-json\/wp\/v2\/pages"}],"about":[{"href":"https:\/\/patisserie-neu.fr\/index.php\/wp-json\/wp\/v2\/types\/page"}],"author":[{"embeddable":true,"href":"https:\/\/patisserie-neu.fr\/index.php\/wp-json\/wp\/v2\/users\/1"}],"replies":[{"embeddable":true,"href":"https:\/\/patisserie-neu.fr\/index.php\/wp-json\/wp\/v2\/comments?post=10"}],"version-history":[{"count":202,"href":"https:\/\/patisserie-neu.fr\/index.php\/wp-json\/wp\/v2\/pages\/10\/revisions"}],"predecessor-version":[{"id":1298,"href":"https:\/\/patisserie-neu.fr\/index.php\/wp-json\/wp\/v2\/pages\/10\/revisions\/1298"}],"wp:attachment":[{"href":"https:\/\/patisserie-neu.fr\/index.php\/wp-json\/wp\/v2\/media?parent=10"}],"curies":[{"name":"wp","href":"https:\/\/api.w.org\/{rel}","templated":true}]}}