{"id":1274,"date":"2025-11-13T21:10:09","date_gmt":"2025-11-13T20:10:09","guid":{"rendered":"https:\/\/patisserie-neu.fr\/?page_id=1274"},"modified":"2025-11-13T21:12:53","modified_gmt":"2025-11-13T20:12:53","slug":"country","status":"publish","type":"page","link":"https:\/\/patisserie-neu.fr\/index.php\/country\/","title":{"rendered":"\u00ab\u00a0Country\u00a0\u00bb"},"content":{"rendered":"\n<div class=\"wp-block-media-text is-stacked-on-mobile\"><figure class=\"wp-block-media-text__media\"><img data-dominant-color=\"c2aa83\" data-has-transparency=\"false\" style=\"--dominant-color: #c2aa83;\" loading=\"lazy\" decoding=\"async\" width=\"1007\" height=\"1024\" src=\"https:\/\/patisserie-neu.fr\/wp-content\/uploads\/2025\/11\/IMG_20251113_123231-1-1007x1024.webp\" alt=\"cookies country\" class=\"not-transparent wp-image-1279 size-full\" srcset=\"https:\/\/patisserie-neu.fr\/wp-content\/uploads\/2025\/11\/IMG_20251113_123231-1-1007x1024.webp 1007w, https:\/\/patisserie-neu.fr\/wp-content\/uploads\/2025\/11\/IMG_20251113_123231-1-295x300.webp 295w, https:\/\/patisserie-neu.fr\/wp-content\/uploads\/2025\/11\/IMG_20251113_123231-1-768x781.webp 768w, https:\/\/patisserie-neu.fr\/wp-content\/uploads\/2025\/11\/IMG_20251113_123231-1-1511x1536.webp 1511w, https:\/\/patisserie-neu.fr\/wp-content\/uploads\/2025\/11\/IMG_20251113_123231-1-2015x2048.webp 2015w\" sizes=\"auto, (max-width: 1007px) 100vw, 1007px\" \/><\/figure><div class=\"wp-block-media-text__content\">\n<p class=\"has-text-align-center\">P\u00e2te \u00e0 cookies avec \u00e9clats de chocolat au lait et chocolat blanc, riz souffl\u00e9<\/p>\n\n\n\n<p><\/p>\n\n\n\n<p class=\"has-text-align-center\">1.70\u20ac<\/p>\n<\/div><\/div>\n","protected":false},"excerpt":{"rendered":"<p>P\u00e2te \u00e0 cookies avec \u00e9clats de chocolat au lait et chocolat blanc, riz souffl\u00e9 1.70\u20ac<\/p>\n","protected":false},"author":1,"featured_media":0,"parent":0,"menu_order":0,"comment_status":"closed","ping_status":"closed","template":"","meta":{"_uag_custom_page_level_css":"","_monsterinsights_skip_tracking":false,"_monsterinsights_sitenote_active":false,"_monsterinsights_sitenote_note":"","_monsterinsights_sitenote_category":0,"neve_meta_sidebar":"","neve_meta_container":"","neve_meta_enable_content_width":"","neve_meta_content_width":0,"neve_meta_title_alignment":"","neve_meta_author_avatar":"","neve_post_elements_order":"","neve_meta_disable_header":"","neve_meta_disable_footer":"","neve_meta_disable_title":"","footnotes":""},"class_list":["post-1274","page","type-page","status-publish","hentry"],"yoast_head":"<!-- This site is optimized with the Yoast SEO plugin v21.5 - https:\/\/yoast.com\/wordpress\/plugins\/seo\/ -->\n<title>&quot;Country&quot; - P\u00e2tisserie Ne\u00fc<\/title>\n<meta name=\"robots\" content=\"index, follow, max-snippet:-1, max-image-preview:large, max-video-preview:-1\" \/>\n<link rel=\"canonical\" href=\"https:\/\/patisserie-neu.fr\/index.php\/country\/\" \/>\n<meta property=\"og:locale\" content=\"fr_FR\" \/>\n<meta property=\"og:type\" content=\"article\" \/>\n<meta property=\"og:title\" content=\"&quot;Country&quot; - P\u00e2tisserie Ne\u00fc\" \/>\n<meta property=\"og:description\" content=\"P\u00e2te \u00e0 cookies avec \u00e9clats de chocolat au lait et chocolat blanc, riz souffl\u00e9 1.70\u20ac\" \/>\n<meta property=\"og:url\" content=\"https:\/\/patisserie-neu.fr\/index.php\/country\/\" \/>\n<meta property=\"og:site_name\" content=\"P\u00e2tisserie Ne\u00fc\" \/>\n<meta property=\"article:publisher\" content=\"https:\/\/www.facebook.com\/Melaine.Gourmandises\" \/>\n<meta property=\"article:modified_time\" content=\"2025-11-13T20:12:53+00:00\" \/>\n<meta property=\"og:image\" content=\"https:\/\/patisserie-neu.fr\/wp-content\/uploads\/2025\/11\/IMG_20251113_123231-1-1007x1024.webp\" \/>\n<meta name=\"twitter:card\" content=\"summary_large_image\" \/>\n<meta name=\"twitter:label1\" content=\"Dur\u00e9e de lecture estim\u00e9e\" \/>\n\t<meta name=\"twitter:data1\" content=\"1 minute\" \/>\n<script type=\"application\/ld+json\" class=\"yoast-schema-graph\">{\"@context\":\"https:\/\/schema.org\",\"@graph\":[{\"@type\":\"WebPage\",\"@id\":\"https:\/\/patisserie-neu.fr\/index.php\/country\/\",\"url\":\"https:\/\/patisserie-neu.fr\/index.php\/country\/\",\"name\":\"\\\"Country\\\" - P\u00e2tisserie Ne\u00fc\",\"isPartOf\":{\"@id\":\"https:\/\/patisserie-neu.fr\/#website\"},\"datePublished\":\"2025-11-13T20:10:09+00:00\",\"dateModified\":\"2025-11-13T20:12:53+00:00\",\"breadcrumb\":{\"@id\":\"https:\/\/patisserie-neu.fr\/index.php\/country\/#breadcrumb\"},\"inLanguage\":\"fr-FR\",\"potentialAction\":[{\"@type\":\"ReadAction\",\"target\":[\"https:\/\/patisserie-neu.fr\/index.php\/country\/\"]}]},{\"@type\":\"BreadcrumbList\",\"@id\":\"https:\/\/patisserie-neu.fr\/index.php\/country\/#breadcrumb\",\"itemListElement\":[{\"@type\":\"ListItem\",\"position\":1,\"name\":\"Accueil\",\"item\":\"https:\/\/patisserie-neu.fr\/\"},{\"@type\":\"ListItem\",\"position\":2,\"name\":\"\u00ab\u00a0Country\u00a0\u00bb\"}]},{\"@type\":\"WebSite\",\"@id\":\"https:\/\/patisserie-neu.fr\/#website\",\"url\":\"https:\/\/patisserie-neu.fr\/\",\"name\":\"P\u00e2tisserie Ne\u00fc\",\"description\":\"\",\"publisher\":{\"@id\":\"https:\/\/patisserie-neu.fr\/#organization\"},\"alternateName\":\"Ne\u00fc\",\"potentialAction\":[{\"@type\":\"SearchAction\",\"target\":{\"@type\":\"EntryPoint\",\"urlTemplate\":\"https:\/\/patisserie-neu.fr\/?s={search_term_string}\"},\"query-input\":\"required name=search_term_string\"}],\"inLanguage\":\"fr-FR\"},{\"@type\":\"Organization\",\"@id\":\"https:\/\/patisserie-neu.fr\/#organization\",\"name\":\"Patisserie Ne\u00fc\",\"url\":\"https:\/\/patisserie-neu.fr\/\",\"logo\":{\"@type\":\"ImageObject\",\"inLanguage\":\"fr-FR\",\"@id\":\"https:\/\/patisserie-neu.fr\/#\/schema\/logo\/image\/\",\"url\":\"https:\/\/patisserie-neu.fr\/wp-content\/uploads\/2023\/11\/cropped-logo_neu_rvb_fond-blanc-1.jpg\",\"contentUrl\":\"https:\/\/patisserie-neu.fr\/wp-content\/uploads\/2023\/11\/cropped-logo_neu_rvb_fond-blanc-1.jpg\",\"width\":512,\"height\":512,\"caption\":\"Patisserie Ne\u00fc\"},\"image\":{\"@id\":\"https:\/\/patisserie-neu.fr\/#\/schema\/logo\/image\/\"},\"sameAs\":[\"https:\/\/www.facebook.com\/Melaine.Gourmandises\",\"https:\/\/www.instagram.com\/patisserie.neu\/\"]}]}<\/script>\n<!-- \/ Yoast SEO plugin. -->","yoast_head_json":{"title":"\"Country\" - P\u00e2tisserie Ne\u00fc","robots":{"index":"index","follow":"follow","max-snippet":"max-snippet:-1","max-image-preview":"max-image-preview:large","max-video-preview":"max-video-preview:-1"},"canonical":"https:\/\/patisserie-neu.fr\/index.php\/country\/","og_locale":"fr_FR","og_type":"article","og_title":"\"Country\" - P\u00e2tisserie Ne\u00fc","og_description":"P\u00e2te \u00e0 cookies avec \u00e9clats de chocolat au lait et chocolat blanc, riz souffl\u00e9 1.70\u20ac","og_url":"https:\/\/patisserie-neu.fr\/index.php\/country\/","og_site_name":"P\u00e2tisserie Ne\u00fc","article_publisher":"https:\/\/www.facebook.com\/Melaine.Gourmandises","article_modified_time":"2025-11-13T20:12:53+00:00","og_image":[{"url":"https:\/\/patisserie-neu.fr\/wp-content\/uploads\/2025\/11\/IMG_20251113_123231-1-1007x1024.webp"}],"twitter_card":"summary_large_image","twitter_misc":{"Dur\u00e9e de lecture estim\u00e9e":"1 minute"},"schema":{"@context":"https:\/\/schema.org","@graph":[{"@type":"WebPage","@id":"https:\/\/patisserie-neu.fr\/index.php\/country\/","url":"https:\/\/patisserie-neu.fr\/index.php\/country\/","name":"\"Country\" - P\u00e2tisserie Ne\u00fc","isPartOf":{"@id":"https:\/\/patisserie-neu.fr\/#website"},"datePublished":"2025-11-13T20:10:09+00:00","dateModified":"2025-11-13T20:12:53+00:00","breadcrumb":{"@id":"https:\/\/patisserie-neu.fr\/index.php\/country\/#breadcrumb"},"inLanguage":"fr-FR","potentialAction":[{"@type":"ReadAction","target":["https:\/\/patisserie-neu.fr\/index.php\/country\/"]}]},{"@type":"BreadcrumbList","@id":"https:\/\/patisserie-neu.fr\/index.php\/country\/#breadcrumb","itemListElement":[{"@type":"ListItem","position":1,"name":"Accueil","item":"https:\/\/patisserie-neu.fr\/"},{"@type":"ListItem","position":2,"name":"\u00ab\u00a0Country\u00a0\u00bb"}]},{"@type":"WebSite","@id":"https:\/\/patisserie-neu.fr\/#website","url":"https:\/\/patisserie-neu.fr\/","name":"P\u00e2tisserie Ne\u00fc","description":"","publisher":{"@id":"https:\/\/patisserie-neu.fr\/#organization"},"alternateName":"Ne\u00fc","potentialAction":[{"@type":"SearchAction","target":{"@type":"EntryPoint","urlTemplate":"https:\/\/patisserie-neu.fr\/?s={search_term_string}"},"query-input":"required name=search_term_string"}],"inLanguage":"fr-FR"},{"@type":"Organization","@id":"https:\/\/patisserie-neu.fr\/#organization","name":"Patisserie Ne\u00fc","url":"https:\/\/patisserie-neu.fr\/","logo":{"@type":"ImageObject","inLanguage":"fr-FR","@id":"https:\/\/patisserie-neu.fr\/#\/schema\/logo\/image\/","url":"https:\/\/patisserie-neu.fr\/wp-content\/uploads\/2023\/11\/cropped-logo_neu_rvb_fond-blanc-1.jpg","contentUrl":"https:\/\/patisserie-neu.fr\/wp-content\/uploads\/2023\/11\/cropped-logo_neu_rvb_fond-blanc-1.jpg","width":512,"height":512,"caption":"Patisserie Ne\u00fc"},"image":{"@id":"https:\/\/patisserie-neu.fr\/#\/schema\/logo\/image\/"},"sameAs":["https:\/\/www.facebook.com\/Melaine.Gourmandises","https:\/\/www.instagram.com\/patisserie.neu\/"]}]}},"jetpack_sharing_enabled":true,"uagb_featured_image_src":{"full":false,"thumbnail":false,"medium":false,"medium_large":false,"large":false,"1536x1536":false,"2048x2048":false,"neve-blog":false},"uagb_author_info":{"display_name":"admin8768","author_link":"https:\/\/patisserie-neu.fr\/index.php\/author\/admin8768\/"},"uagb_comment_info":0,"uagb_excerpt":"P\u00e2te \u00e0 cookies avec \u00e9clats de chocolat au lait et chocolat blanc, riz souffl\u00e9 1.70\u20ac","_links":{"self":[{"href":"https:\/\/patisserie-neu.fr\/index.php\/wp-json\/wp\/v2\/pages\/1274","targetHints":{"allow":["GET"]}}],"collection":[{"href":"https:\/\/patisserie-neu.fr\/index.php\/wp-json\/wp\/v2\/pages"}],"about":[{"href":"https:\/\/patisserie-neu.fr\/index.php\/wp-json\/wp\/v2\/types\/page"}],"author":[{"embeddable":true,"href":"https:\/\/patisserie-neu.fr\/index.php\/wp-json\/wp\/v2\/users\/1"}],"replies":[{"embeddable":true,"href":"https:\/\/patisserie-neu.fr\/index.php\/wp-json\/wp\/v2\/comments?post=1274"}],"version-history":[{"count":2,"href":"https:\/\/patisserie-neu.fr\/index.php\/wp-json\/wp\/v2\/pages\/1274\/revisions"}],"predecessor-version":[{"id":1280,"href":"https:\/\/patisserie-neu.fr\/index.php\/wp-json\/wp\/v2\/pages\/1274\/revisions\/1280"}],"wp:attachment":[{"href":"https:\/\/patisserie-neu.fr\/index.php\/wp-json\/wp\/v2\/media?parent=1274"}],"curies":[{"name":"wp","href":"https:\/\/api.w.org\/{rel}","templated":true}]}}