{"id":417,"date":"2023-11-21T13:27:12","date_gmt":"2023-11-21T12:27:12","guid":{"rendered":"https:\/\/patisserie-neu.fr\/?page_id=417"},"modified":"2025-11-12T20:31:29","modified_gmt":"2025-11-12T19:31:29","slug":"number-ou-letter-cake","status":"publish","type":"page","link":"https:\/\/patisserie-neu.fr\/index.php\/number-ou-letter-cake\/","title":{"rendered":"Number ou letter cake"},"content":{"rendered":"\n<p class=\"has-medium-font-size\">C&rsquo;est le g\u00e2teau id\u00e9al pour vos anniversaires !<\/p>\n\n\n\n<div class=\"wp-block-media-text is-stacked-on-mobile\"><figure class=\"wp-block-media-text__media\"><img loading=\"lazy\" decoding=\"async\" width=\"710\" height=\"1024\" src=\"https:\/\/patisserie-neu.fr\/wp-content\/uploads\/2023\/11\/IMG_20230827_194302-710x1024.jpg\" alt=\". Number cake\" class=\"wp-image-51 size-full\" srcset=\"https:\/\/patisserie-neu.fr\/wp-content\/uploads\/2023\/11\/IMG_20230827_194302-710x1024.jpg 710w, https:\/\/patisserie-neu.fr\/wp-content\/uploads\/2023\/11\/IMG_20230827_194302-208x300.jpg 208w, https:\/\/patisserie-neu.fr\/wp-content\/uploads\/2023\/11\/IMG_20230827_194302-768x1108.jpg 768w, https:\/\/patisserie-neu.fr\/wp-content\/uploads\/2023\/11\/IMG_20230827_194302-1065x1536.jpg 1065w, https:\/\/patisserie-neu.fr\/wp-content\/uploads\/2023\/11\/IMG_20230827_194302-1419x2048.jpg 1419w, https:\/\/patisserie-neu.fr\/wp-content\/uploads\/2023\/11\/IMG_20230827_194302-scaled.jpg 1774w\" sizes=\"auto, (max-width: 710px) 100vw, 710px\" \/><\/figure><div class=\"wp-block-media-text__content\">\n<p><\/p>\n\n\n\n<p>G\u00e9noise, croustillant, mousse *, cr\u00e9meux ou compot\u00e9e*, d\u00e9cor.<\/p>\n\n\n\n<p><em>*parfum au choix<br><\/em><\/p>\n\n\n\n<hr class=\"wp-block-separator has-alpha-channel-opacity\"\/>\n\n\n\n<p>5\/6 parts &#8211; format A5 &#8211; 25\u20ac<\/p>\n\n\n\n<p>10\/12 parts &#8211; format A4 &#8211; 50\u20ac<\/p>\n<\/div><\/div>\n\n\n\n<div style=\"height:24px\" aria-hidden=\"true\" class=\"wp-block-spacer\"><\/div>\n\n\n\n<div class=\"wp-block-columns is-layout-flex wp-container-core-columns-is-layout-9d6595d7 wp-block-columns-is-layout-flex\">\n<div class=\"wp-block-column is-layout-flow wp-block-column-is-layout-flow\" style=\"flex-basis:100%\">\n\n\n<div class=\"wp-block-columns is-layout-flex wp-container-core-columns-is-layout-9d6595d7 wp-block-columns-is-layout-flex\">\n<div class=\"wp-block-column is-layout-flow wp-block-column-is-layout-flow\"><\/div>\n\n\n\n<div class=\"wp-block-column is-layout-flow wp-block-column-is-layout-flow\"><\/div>\n<\/div>\n<\/div>\n<\/div>\n\n\n\n<div class=\"wp-block-buttons is-content-justification-right is-layout-flex wp-container-core-buttons-is-layout-765c4724 wp-block-buttons-is-layout-flex\">\n<div class=\"wp-block-button\"><a class=\"wp-block-button__link wp-element-button\" href=\"https:\/\/patisserie-neu.fr\/index.php\/vos-commandes\/\">Pour me contacter<\/a><\/div>\n<\/div>\n","protected":false},"excerpt":{"rendered":"<p>C&rsquo;est le g\u00e2teau id\u00e9al pour vos anniversaires !<\/p>\n","protected":false},"author":1,"featured_media":0,"parent":0,"menu_order":0,"comment_status":"closed","ping_status":"closed","template":"","meta":{"_uag_custom_page_level_css":"","_monsterinsights_skip_tracking":false,"_monsterinsights_sitenote_active":false,"_monsterinsights_sitenote_note":"","_monsterinsights_sitenote_category":0,"neve_meta_sidebar":"","neve_meta_container":"","neve_meta_enable_content_width":"","neve_meta_content_width":0,"neve_meta_title_alignment":"","neve_meta_author_avatar":"","neve_post_elements_order":"","neve_meta_disable_header":"","neve_meta_disable_footer":"","neve_meta_disable_title":"","footnotes":""},"class_list":["post-417","page","type-page","status-publish","hentry"],"yoast_head":"<!-- This site is optimized with the Yoast SEO plugin v21.5 - https:\/\/yoast.com\/wordpress\/plugins\/seo\/ -->\n<title>Number ou letter cake - P\u00e2tisserie Ne\u00fc<\/title>\n<meta name=\"description\" content=\"Dessert id\u00e9al pour vos anniversaires. Votre \u00e2ge ou une lettre de votre choix d\u00e9clin\u00e9e selon vos go\u00fbts et sous diverses textures\" \/>\n<meta name=\"robots\" content=\"index, follow, max-snippet:-1, max-image-preview:large, max-video-preview:-1\" \/>\n<link rel=\"canonical\" href=\"https:\/\/patisserie-neu.fr\/index.php\/number-ou-letter-cake\/\" \/>\n<meta property=\"og:locale\" content=\"fr_FR\" \/>\n<meta property=\"og:type\" content=\"article\" \/>\n<meta property=\"og:title\" content=\"Number ou letter cake - P\u00e2tisserie Ne\u00fc\" \/>\n<meta property=\"og:description\" content=\"Dessert id\u00e9al pour vos anniversaires. Votre \u00e2ge ou une lettre de votre choix d\u00e9clin\u00e9e selon vos go\u00fbts et sous diverses textures\" \/>\n<meta property=\"og:url\" content=\"https:\/\/patisserie-neu.fr\/index.php\/number-ou-letter-cake\/\" \/>\n<meta property=\"og:site_name\" content=\"P\u00e2tisserie Ne\u00fc\" \/>\n<meta property=\"article:publisher\" content=\"https:\/\/www.facebook.com\/Melaine.Gourmandises\" \/>\n<meta property=\"article:modified_time\" content=\"2025-11-12T19:31:29+00:00\" \/>\n<meta property=\"og:image\" content=\"https:\/\/patisserie-neu.fr\/wp-content\/uploads\/2023\/11\/IMG_20230827_194302-710x1024.jpg\" \/>\n<meta name=\"twitter:card\" content=\"summary_large_image\" \/>\n<meta name=\"twitter:label1\" content=\"Dur\u00e9e de lecture estim\u00e9e\" \/>\n\t<meta name=\"twitter:data1\" content=\"1 minute\" \/>\n<script type=\"application\/ld+json\" class=\"yoast-schema-graph\">{\"@context\":\"https:\/\/schema.org\",\"@graph\":[{\"@type\":\"WebPage\",\"@id\":\"https:\/\/patisserie-neu.fr\/index.php\/number-ou-letter-cake\/\",\"url\":\"https:\/\/patisserie-neu.fr\/index.php\/number-ou-letter-cake\/\",\"name\":\"Number ou letter cake - P\u00e2tisserie Ne\u00fc\",\"isPartOf\":{\"@id\":\"https:\/\/patisserie-neu.fr\/#website\"},\"datePublished\":\"2023-11-21T12:27:12+00:00\",\"dateModified\":\"2025-11-12T19:31:29+00:00\",\"description\":\"Dessert id\u00e9al pour vos anniversaires. Votre \u00e2ge ou une lettre de votre choix d\u00e9clin\u00e9e selon vos go\u00fbts et sous diverses textures\",\"breadcrumb\":{\"@id\":\"https:\/\/patisserie-neu.fr\/index.php\/number-ou-letter-cake\/#breadcrumb\"},\"inLanguage\":\"fr-FR\",\"potentialAction\":[{\"@type\":\"ReadAction\",\"target\":[\"https:\/\/patisserie-neu.fr\/index.php\/number-ou-letter-cake\/\"]}]},{\"@type\":\"BreadcrumbList\",\"@id\":\"https:\/\/patisserie-neu.fr\/index.php\/number-ou-letter-cake\/#breadcrumb\",\"itemListElement\":[{\"@type\":\"ListItem\",\"position\":1,\"name\":\"Accueil\",\"item\":\"https:\/\/patisserie-neu.fr\/\"},{\"@type\":\"ListItem\",\"position\":2,\"name\":\"Number ou letter cake\"}]},{\"@type\":\"WebSite\",\"@id\":\"https:\/\/patisserie-neu.fr\/#website\",\"url\":\"https:\/\/patisserie-neu.fr\/\",\"name\":\"P\u00e2tisserie Ne\u00fc\",\"description\":\"\",\"publisher\":{\"@id\":\"https:\/\/patisserie-neu.fr\/#organization\"},\"alternateName\":\"Ne\u00fc\",\"potentialAction\":[{\"@type\":\"SearchAction\",\"target\":{\"@type\":\"EntryPoint\",\"urlTemplate\":\"https:\/\/patisserie-neu.fr\/?s={search_term_string}\"},\"query-input\":\"required name=search_term_string\"}],\"inLanguage\":\"fr-FR\"},{\"@type\":\"Organization\",\"@id\":\"https:\/\/patisserie-neu.fr\/#organization\",\"name\":\"Patisserie Ne\u00fc\",\"url\":\"https:\/\/patisserie-neu.fr\/\",\"logo\":{\"@type\":\"ImageObject\",\"inLanguage\":\"fr-FR\",\"@id\":\"https:\/\/patisserie-neu.fr\/#\/schema\/logo\/image\/\",\"url\":\"https:\/\/patisserie-neu.fr\/wp-content\/uploads\/2023\/11\/cropped-logo_neu_rvb_fond-blanc-1.jpg\",\"contentUrl\":\"https:\/\/patisserie-neu.fr\/wp-content\/uploads\/2023\/11\/cropped-logo_neu_rvb_fond-blanc-1.jpg\",\"width\":512,\"height\":512,\"caption\":\"Patisserie Ne\u00fc\"},\"image\":{\"@id\":\"https:\/\/patisserie-neu.fr\/#\/schema\/logo\/image\/\"},\"sameAs\":[\"https:\/\/www.facebook.com\/Melaine.Gourmandises\",\"https:\/\/www.instagram.com\/patisserie.neu\/\"]}]}<\/script>\n<!-- \/ Yoast SEO plugin. -->","yoast_head_json":{"title":"Number ou letter cake - P\u00e2tisserie Ne\u00fc","description":"Dessert id\u00e9al pour vos anniversaires. Votre \u00e2ge ou une lettre de votre choix d\u00e9clin\u00e9e selon vos go\u00fbts et sous diverses textures","robots":{"index":"index","follow":"follow","max-snippet":"max-snippet:-1","max-image-preview":"max-image-preview:large","max-video-preview":"max-video-preview:-1"},"canonical":"https:\/\/patisserie-neu.fr\/index.php\/number-ou-letter-cake\/","og_locale":"fr_FR","og_type":"article","og_title":"Number ou letter cake - P\u00e2tisserie Ne\u00fc","og_description":"Dessert id\u00e9al pour vos anniversaires. Votre \u00e2ge ou une lettre de votre choix d\u00e9clin\u00e9e selon vos go\u00fbts et sous diverses textures","og_url":"https:\/\/patisserie-neu.fr\/index.php\/number-ou-letter-cake\/","og_site_name":"P\u00e2tisserie Ne\u00fc","article_publisher":"https:\/\/www.facebook.com\/Melaine.Gourmandises","article_modified_time":"2025-11-12T19:31:29+00:00","og_image":[{"url":"https:\/\/patisserie-neu.fr\/wp-content\/uploads\/2023\/11\/IMG_20230827_194302-710x1024.jpg"}],"twitter_card":"summary_large_image","twitter_misc":{"Dur\u00e9e de lecture estim\u00e9e":"1 minute"},"schema":{"@context":"https:\/\/schema.org","@graph":[{"@type":"WebPage","@id":"https:\/\/patisserie-neu.fr\/index.php\/number-ou-letter-cake\/","url":"https:\/\/patisserie-neu.fr\/index.php\/number-ou-letter-cake\/","name":"Number ou letter cake - P\u00e2tisserie Ne\u00fc","isPartOf":{"@id":"https:\/\/patisserie-neu.fr\/#website"},"datePublished":"2023-11-21T12:27:12+00:00","dateModified":"2025-11-12T19:31:29+00:00","description":"Dessert id\u00e9al pour vos anniversaires. Votre \u00e2ge ou une lettre de votre choix d\u00e9clin\u00e9e selon vos go\u00fbts et sous diverses textures","breadcrumb":{"@id":"https:\/\/patisserie-neu.fr\/index.php\/number-ou-letter-cake\/#breadcrumb"},"inLanguage":"fr-FR","potentialAction":[{"@type":"ReadAction","target":["https:\/\/patisserie-neu.fr\/index.php\/number-ou-letter-cake\/"]}]},{"@type":"BreadcrumbList","@id":"https:\/\/patisserie-neu.fr\/index.php\/number-ou-letter-cake\/#breadcrumb","itemListElement":[{"@type":"ListItem","position":1,"name":"Accueil","item":"https:\/\/patisserie-neu.fr\/"},{"@type":"ListItem","position":2,"name":"Number ou letter cake"}]},{"@type":"WebSite","@id":"https:\/\/patisserie-neu.fr\/#website","url":"https:\/\/patisserie-neu.fr\/","name":"P\u00e2tisserie Ne\u00fc","description":"","publisher":{"@id":"https:\/\/patisserie-neu.fr\/#organization"},"alternateName":"Ne\u00fc","potentialAction":[{"@type":"SearchAction","target":{"@type":"EntryPoint","urlTemplate":"https:\/\/patisserie-neu.fr\/?s={search_term_string}"},"query-input":"required name=search_term_string"}],"inLanguage":"fr-FR"},{"@type":"Organization","@id":"https:\/\/patisserie-neu.fr\/#organization","name":"Patisserie Ne\u00fc","url":"https:\/\/patisserie-neu.fr\/","logo":{"@type":"ImageObject","inLanguage":"fr-FR","@id":"https:\/\/patisserie-neu.fr\/#\/schema\/logo\/image\/","url":"https:\/\/patisserie-neu.fr\/wp-content\/uploads\/2023\/11\/cropped-logo_neu_rvb_fond-blanc-1.jpg","contentUrl":"https:\/\/patisserie-neu.fr\/wp-content\/uploads\/2023\/11\/cropped-logo_neu_rvb_fond-blanc-1.jpg","width":512,"height":512,"caption":"Patisserie Ne\u00fc"},"image":{"@id":"https:\/\/patisserie-neu.fr\/#\/schema\/logo\/image\/"},"sameAs":["https:\/\/www.facebook.com\/Melaine.Gourmandises","https:\/\/www.instagram.com\/patisserie.neu\/"]}]}},"jetpack_sharing_enabled":true,"uagb_featured_image_src":{"full":false,"thumbnail":false,"medium":false,"medium_large":false,"large":false,"1536x1536":false,"2048x2048":false,"neve-blog":false},"uagb_author_info":{"display_name":"admin8768","author_link":"https:\/\/patisserie-neu.fr\/index.php\/author\/admin8768\/"},"uagb_comment_info":0,"uagb_excerpt":"C&rsquo;est le g\u00e2teau id\u00e9al pour vos anniversaires !","_links":{"self":[{"href":"https:\/\/patisserie-neu.fr\/index.php\/wp-json\/wp\/v2\/pages\/417","targetHints":{"allow":["GET"]}}],"collection":[{"href":"https:\/\/patisserie-neu.fr\/index.php\/wp-json\/wp\/v2\/pages"}],"about":[{"href":"https:\/\/patisserie-neu.fr\/index.php\/wp-json\/wp\/v2\/types\/page"}],"author":[{"embeddable":true,"href":"https:\/\/patisserie-neu.fr\/index.php\/wp-json\/wp\/v2\/users\/1"}],"replies":[{"embeddable":true,"href":"https:\/\/patisserie-neu.fr\/index.php\/wp-json\/wp\/v2\/comments?post=417"}],"version-history":[{"count":5,"href":"https:\/\/patisserie-neu.fr\/index.php\/wp-json\/wp\/v2\/pages\/417\/revisions"}],"predecessor-version":[{"id":1237,"href":"https:\/\/patisserie-neu.fr\/index.php\/wp-json\/wp\/v2\/pages\/417\/revisions\/1237"}],"wp:attachment":[{"href":"https:\/\/patisserie-neu.fr\/index.php\/wp-json\/wp\/v2\/media?parent=417"}],"curies":[{"name":"wp","href":"https:\/\/api.w.org\/{rel}","templated":true}]}}