{"id":431,"date":"2023-11-20T09:37:24","date_gmt":"2023-11-20T08:37:24","guid":{"rendered":"https:\/\/patisserie-neu.fr\/?page_id=431"},"modified":"2026-02-20T14:15:18","modified_gmt":"2026-02-20T13:15:18","slug":"tarte-citron-meringuee","status":"publish","type":"page","link":"https:\/\/patisserie-neu.fr\/index.php\/mes-patisseries-carte\/tarte-citron-meringuee\/","title":{"rendered":"<font dir=\"auto\" style=\"vertical-align: inherit;\"><font dir=\"auto\" style=\"vertical-align: inherit;\">Tarte poire-p\u00e9can<\/font><\/font>"},"content":{"rendered":"\n<div class=\"wp-block-media-text is-stacked-on-mobile is-image-fill-element\"><figure class=\"wp-block-media-text__media\"><img decoding=\"async\" src=\"https:\/\/patisserie-neu.fr\/wp-content\/uploads\/2026\/02\/IMG_20260115_160308.jpg\" alt=\"\" class=\"wp-image-1304 size-full\" style=\"object-position:50% 50%\"\/><\/figure><div class=\"wp-block-media-text__content\">\n<p class=\"has-text-align-center has-medium-font-size\"><\/p>\n\n\n\n<p class=\"has-text-align-center\">___________<\/p>\n\n\n\n<p class=\"has-text-align-center has-medium-font-size\">P\u00e2te sucr\u00e9e, cr\u00e8me amande, poires, pralin\u00e9 p\u00e9can, gel poire, chantilly vanille, \u00e9clats de p\u00e9can<\/p>\n\n\n\n<p><\/p>\n\n\n\n<p class=\"has-medium-font-size\"><br><br><\/p>\n\n\n\n<ul class=\"wp-block-list\">\n<li class=\"has-medium-font-size\"><font dir=\"auto\" style=\"vertical-align: inherit;\"><font dir=\"auto\" style=\"vertical-align: inherit;\">individuel &#8211; 4.60 \u20ac<\/font><\/font><\/li>\n\n\n\n<li class=\"has-medium-font-size\"><font dir=\"auto\" style=\"vertical-align: inherit;\"><font dir=\"auto\" style=\"vertical-align: inherit;\">4\/6 pi\u00e8ces &#8211; 17 \u20ac<\/font><\/font><\/li>\n\n\n\n<li class=\"has-medium-font-size\"><font dir=\"auto\" style=\"vertical-align: inherit;\"><font dir=\"auto\" style=\"vertical-align: inherit;\">6\/8 pi\u00e8ces &#8211; 29\u20ac<\/font><\/font><\/li>\n<\/ul>\n\n\n\n<p class=\"has-medium-font-size\"><\/p>\n<\/div><\/div>\n\n\n\n<div class=\"wp-block-buttons is-content-justification-right is-layout-flex wp-container-core-buttons-is-layout-765c4724 wp-block-buttons-is-layout-flex\">\n<div class=\"wp-block-button\"><a class=\"wp-block-button__link wp-element-button\" href=\"https:\/\/patisserie-neu.fr\/index.php\/vos-commandes\/\">Pour me contacter<\/a><\/div>\n<\/div>\n\n\n\n<div class=\"wp-block-columns is-layout-flex wp-container-core-columns-is-layout-9d6595d7 wp-block-columns-is-layout-flex\">\n<div class=\"wp-block-column is-layout-flow wp-block-column-is-layout-flow\">\n<figure class=\"wp-block-image size-large\"><img loading=\"lazy\" decoding=\"async\" width=\"938\" height=\"1024\" src=\"https:\/\/patisserie-neu.fr\/wp-content\/uploads\/2025\/11\/IMG_20251113_164212-938x1024.webp\" alt=\"\" class=\"wp-image-1240\" srcset=\"https:\/\/patisserie-neu.fr\/wp-content\/uploads\/2025\/11\/IMG_20251113_164212-938x1024.webp 938w, https:\/\/patisserie-neu.fr\/wp-content\/uploads\/2025\/11\/IMG_20251113_164212-275x300.webp 275w, https:\/\/patisserie-neu.fr\/wp-content\/uploads\/2025\/11\/IMG_20251113_164212-768x839.webp 768w, https:\/\/patisserie-neu.fr\/wp-content\/uploads\/2025\/11\/IMG_20251113_164212-1407x1536.webp 1407w, https:\/\/patisserie-neu.fr\/wp-content\/uploads\/2025\/11\/IMG_20251113_164212.webp 1993w\" sizes=\"auto, (max-width: 938px) 100vw, 938px\" \/><\/figure>\n<\/div>\n\n\n\n<div class=\"wp-block-column is-layout-flow wp-block-column-is-layout-flow\">\n<figure class=\"wp-block-image size-large is-resized\"><img loading=\"lazy\" decoding=\"async\" width=\"578\" height=\"1024\" src=\"https:\/\/patisserie-neu.fr\/wp-content\/uploads\/2025\/11\/IMG_20251113_153344-578x1024.webp\" alt=\"\" class=\"wp-image-1241\" style=\"width:240px;height:auto\" srcset=\"https:\/\/patisserie-neu.fr\/wp-content\/uploads\/2025\/11\/IMG_20251113_153344-578x1024.webp 578w, https:\/\/patisserie-neu.fr\/wp-content\/uploads\/2025\/11\/IMG_20251113_153344-169x300.webp 169w, https:\/\/patisserie-neu.fr\/wp-content\/uploads\/2025\/11\/IMG_20251113_153344-768x1362.webp 768w, https:\/\/patisserie-neu.fr\/wp-content\/uploads\/2025\/11\/IMG_20251113_153344-866x1536.webp 866w, https:\/\/patisserie-neu.fr\/wp-content\/uploads\/2025\/11\/IMG_20251113_153344-1155x2048.webp 1155w, https:\/\/patisserie-neu.fr\/wp-content\/uploads\/2025\/11\/IMG_20251113_153344-scaled.webp 1444w\" sizes=\"auto, (max-width: 578px) 100vw, 578px\" \/><\/figure>\n<\/div>\n<\/div>\n","protected":false},"excerpt":{"rendered":"","protected":false},"author":1,"featured_media":0,"parent":10,"menu_order":0,"comment_status":"closed","ping_status":"closed","template":"","meta":{"_uag_custom_page_level_css":"","_monsterinsights_skip_tracking":false,"_monsterinsights_sitenote_active":false,"_monsterinsights_sitenote_note":"","_monsterinsights_sitenote_category":0,"neve_meta_sidebar":"","neve_meta_container":"","neve_meta_enable_content_width":"","neve_meta_content_width":0,"neve_meta_title_alignment":"","neve_meta_author_avatar":"","neve_post_elements_order":"","neve_meta_disable_header":"","neve_meta_disable_footer":"","neve_meta_disable_title":"","footnotes":""},"class_list":["post-431","page","type-page","status-publish","hentry"],"yoast_head":"<!-- This site is optimized with the Yoast SEO plugin v21.5 - https:\/\/yoast.com\/wordpress\/plugins\/seo\/ -->\n<title>Tarte poire-p\u00e9can - P\u00e2tisserie Ne\u00fc<\/title>\n<meta name=\"description\" content=\"Tarte citron meringu\u00e9e. Acidul\u00e9e et peu sucr\u00e9e elle est r\u00e9alis\u00e9e \u00e0 partir de citrons frais. La meringue italienne apporte de la douceur.\" \/>\n<meta name=\"robots\" content=\"index, follow, max-snippet:-1, max-image-preview:large, max-video-preview:-1\" \/>\n<link rel=\"canonical\" href=\"https:\/\/patisserie-neu.fr\/index.php\/mes-patisseries-carte\/tarte-citron-meringuee\/\" \/>\n<meta property=\"og:locale\" content=\"fr_FR\" \/>\n<meta property=\"og:type\" content=\"article\" \/>\n<meta property=\"og:title\" content=\"Tarte poire-p\u00e9can - P\u00e2tisserie Ne\u00fc\" \/>\n<meta property=\"og:description\" content=\"Tarte citron meringu\u00e9e. Acidul\u00e9e et peu sucr\u00e9e elle est r\u00e9alis\u00e9e \u00e0 partir de citrons frais. La meringue italienne apporte de la douceur.\" \/>\n<meta property=\"og:url\" content=\"https:\/\/patisserie-neu.fr\/index.php\/mes-patisseries-carte\/tarte-citron-meringuee\/\" \/>\n<meta property=\"og:site_name\" content=\"P\u00e2tisserie Ne\u00fc\" \/>\n<meta property=\"article:publisher\" content=\"https:\/\/www.facebook.com\/Melaine.Gourmandises\" \/>\n<meta property=\"article:modified_time\" content=\"2026-02-20T13:15:18+00:00\" \/>\n<meta property=\"og:image\" content=\"https:\/\/patisserie-neu.fr\/wp-content\/uploads\/2026\/02\/IMG_20260115_160308.jpg\" \/>\n<meta name=\"twitter:card\" content=\"summary_large_image\" \/>\n<meta name=\"twitter:label1\" content=\"Dur\u00e9e de lecture estim\u00e9e\" \/>\n\t<meta name=\"twitter:data1\" content=\"1 minute\" \/>\n<script type=\"application\/ld+json\" class=\"yoast-schema-graph\">{\"@context\":\"https:\/\/schema.org\",\"@graph\":[{\"@type\":\"WebPage\",\"@id\":\"https:\/\/patisserie-neu.fr\/index.php\/mes-patisseries-carte\/tarte-citron-meringuee\/\",\"url\":\"https:\/\/patisserie-neu.fr\/index.php\/mes-patisseries-carte\/tarte-citron-meringuee\/\",\"name\":\"Tarte poire-p\u00e9can - P\u00e2tisserie Ne\u00fc\",\"isPartOf\":{\"@id\":\"https:\/\/patisserie-neu.fr\/#website\"},\"datePublished\":\"2023-11-20T08:37:24+00:00\",\"dateModified\":\"2026-02-20T13:15:18+00:00\",\"description\":\"Tarte citron meringu\u00e9e. Acidul\u00e9e et peu sucr\u00e9e elle est r\u00e9alis\u00e9e \u00e0 partir de citrons frais. La meringue italienne apporte de la douceur.\",\"breadcrumb\":{\"@id\":\"https:\/\/patisserie-neu.fr\/index.php\/mes-patisseries-carte\/tarte-citron-meringuee\/#breadcrumb\"},\"inLanguage\":\"fr-FR\",\"potentialAction\":[{\"@type\":\"ReadAction\",\"target\":[\"https:\/\/patisserie-neu.fr\/index.php\/mes-patisseries-carte\/tarte-citron-meringuee\/\"]}]},{\"@type\":\"BreadcrumbList\",\"@id\":\"https:\/\/patisserie-neu.fr\/index.php\/mes-patisseries-carte\/tarte-citron-meringuee\/#breadcrumb\",\"itemListElement\":[{\"@type\":\"ListItem\",\"position\":1,\"name\":\"Accueil\",\"item\":\"https:\/\/patisserie-neu.fr\/\"},{\"@type\":\"ListItem\",\"position\":2,\"name\":\"Mes p\u00e2tisseries\",\"item\":\"https:\/\/patisserie-neu.fr\/index.php\/mes-patisseries-carte\/\"},{\"@type\":\"ListItem\",\"position\":3,\"name\":\"Tarte poire-p\u00e9can\"}]},{\"@type\":\"WebSite\",\"@id\":\"https:\/\/patisserie-neu.fr\/#website\",\"url\":\"https:\/\/patisserie-neu.fr\/\",\"name\":\"P\u00e2tisserie Ne\u00fc\",\"description\":\"\",\"publisher\":{\"@id\":\"https:\/\/patisserie-neu.fr\/#organization\"},\"alternateName\":\"Ne\u00fc\",\"potentialAction\":[{\"@type\":\"SearchAction\",\"target\":{\"@type\":\"EntryPoint\",\"urlTemplate\":\"https:\/\/patisserie-neu.fr\/?s={search_term_string}\"},\"query-input\":\"required name=search_term_string\"}],\"inLanguage\":\"fr-FR\"},{\"@type\":\"Organization\",\"@id\":\"https:\/\/patisserie-neu.fr\/#organization\",\"name\":\"Patisserie Ne\u00fc\",\"url\":\"https:\/\/patisserie-neu.fr\/\",\"logo\":{\"@type\":\"ImageObject\",\"inLanguage\":\"fr-FR\",\"@id\":\"https:\/\/patisserie-neu.fr\/#\/schema\/logo\/image\/\",\"url\":\"https:\/\/patisserie-neu.fr\/wp-content\/uploads\/2023\/11\/cropped-logo_neu_rvb_fond-blanc-1.jpg\",\"contentUrl\":\"https:\/\/patisserie-neu.fr\/wp-content\/uploads\/2023\/11\/cropped-logo_neu_rvb_fond-blanc-1.jpg\",\"width\":512,\"height\":512,\"caption\":\"Patisserie Ne\u00fc\"},\"image\":{\"@id\":\"https:\/\/patisserie-neu.fr\/#\/schema\/logo\/image\/\"},\"sameAs\":[\"https:\/\/www.facebook.com\/Melaine.Gourmandises\",\"https:\/\/www.instagram.com\/patisserie.neu\/\"]}]}<\/script>\n<!-- \/ Yoast SEO plugin. -->","yoast_head_json":{"title":"Tarte poire-p\u00e9can - P\u00e2tisserie Ne\u00fc","description":"Tarte citron meringu\u00e9e. Acidul\u00e9e et peu sucr\u00e9e elle est r\u00e9alis\u00e9e \u00e0 partir de citrons frais. La meringue italienne apporte de la douceur.","robots":{"index":"index","follow":"follow","max-snippet":"max-snippet:-1","max-image-preview":"max-image-preview:large","max-video-preview":"max-video-preview:-1"},"canonical":"https:\/\/patisserie-neu.fr\/index.php\/mes-patisseries-carte\/tarte-citron-meringuee\/","og_locale":"fr_FR","og_type":"article","og_title":"Tarte poire-p\u00e9can - P\u00e2tisserie Ne\u00fc","og_description":"Tarte citron meringu\u00e9e. Acidul\u00e9e et peu sucr\u00e9e elle est r\u00e9alis\u00e9e \u00e0 partir de citrons frais. La meringue italienne apporte de la douceur.","og_url":"https:\/\/patisserie-neu.fr\/index.php\/mes-patisseries-carte\/tarte-citron-meringuee\/","og_site_name":"P\u00e2tisserie Ne\u00fc","article_publisher":"https:\/\/www.facebook.com\/Melaine.Gourmandises","article_modified_time":"2026-02-20T13:15:18+00:00","og_image":[{"url":"https:\/\/patisserie-neu.fr\/wp-content\/uploads\/2026\/02\/IMG_20260115_160308.jpg"}],"twitter_card":"summary_large_image","twitter_misc":{"Dur\u00e9e de lecture estim\u00e9e":"1 minute"},"schema":{"@context":"https:\/\/schema.org","@graph":[{"@type":"WebPage","@id":"https:\/\/patisserie-neu.fr\/index.php\/mes-patisseries-carte\/tarte-citron-meringuee\/","url":"https:\/\/patisserie-neu.fr\/index.php\/mes-patisseries-carte\/tarte-citron-meringuee\/","name":"Tarte poire-p\u00e9can - P\u00e2tisserie Ne\u00fc","isPartOf":{"@id":"https:\/\/patisserie-neu.fr\/#website"},"datePublished":"2023-11-20T08:37:24+00:00","dateModified":"2026-02-20T13:15:18+00:00","description":"Tarte citron meringu\u00e9e. Acidul\u00e9e et peu sucr\u00e9e elle est r\u00e9alis\u00e9e \u00e0 partir de citrons frais. La meringue italienne apporte de la douceur.","breadcrumb":{"@id":"https:\/\/patisserie-neu.fr\/index.php\/mes-patisseries-carte\/tarte-citron-meringuee\/#breadcrumb"},"inLanguage":"fr-FR","potentialAction":[{"@type":"ReadAction","target":["https:\/\/patisserie-neu.fr\/index.php\/mes-patisseries-carte\/tarte-citron-meringuee\/"]}]},{"@type":"BreadcrumbList","@id":"https:\/\/patisserie-neu.fr\/index.php\/mes-patisseries-carte\/tarte-citron-meringuee\/#breadcrumb","itemListElement":[{"@type":"ListItem","position":1,"name":"Accueil","item":"https:\/\/patisserie-neu.fr\/"},{"@type":"ListItem","position":2,"name":"Mes p\u00e2tisseries","item":"https:\/\/patisserie-neu.fr\/index.php\/mes-patisseries-carte\/"},{"@type":"ListItem","position":3,"name":"Tarte poire-p\u00e9can"}]},{"@type":"WebSite","@id":"https:\/\/patisserie-neu.fr\/#website","url":"https:\/\/patisserie-neu.fr\/","name":"P\u00e2tisserie Ne\u00fc","description":"","publisher":{"@id":"https:\/\/patisserie-neu.fr\/#organization"},"alternateName":"Ne\u00fc","potentialAction":[{"@type":"SearchAction","target":{"@type":"EntryPoint","urlTemplate":"https:\/\/patisserie-neu.fr\/?s={search_term_string}"},"query-input":"required name=search_term_string"}],"inLanguage":"fr-FR"},{"@type":"Organization","@id":"https:\/\/patisserie-neu.fr\/#organization","name":"Patisserie Ne\u00fc","url":"https:\/\/patisserie-neu.fr\/","logo":{"@type":"ImageObject","inLanguage":"fr-FR","@id":"https:\/\/patisserie-neu.fr\/#\/schema\/logo\/image\/","url":"https:\/\/patisserie-neu.fr\/wp-content\/uploads\/2023\/11\/cropped-logo_neu_rvb_fond-blanc-1.jpg","contentUrl":"https:\/\/patisserie-neu.fr\/wp-content\/uploads\/2023\/11\/cropped-logo_neu_rvb_fond-blanc-1.jpg","width":512,"height":512,"caption":"Patisserie Ne\u00fc"},"image":{"@id":"https:\/\/patisserie-neu.fr\/#\/schema\/logo\/image\/"},"sameAs":["https:\/\/www.facebook.com\/Melaine.Gourmandises","https:\/\/www.instagram.com\/patisserie.neu\/"]}]}},"jetpack_sharing_enabled":true,"uagb_featured_image_src":{"full":false,"thumbnail":false,"medium":false,"medium_large":false,"large":false,"1536x1536":false,"2048x2048":false,"neve-blog":false},"uagb_author_info":{"display_name":"admin8768","author_link":"https:\/\/patisserie-neu.fr\/index.php\/author\/admin8768\/"},"uagb_comment_info":0,"uagb_excerpt":null,"_links":{"self":[{"href":"https:\/\/patisserie-neu.fr\/index.php\/wp-json\/wp\/v2\/pages\/431","targetHints":{"allow":["GET"]}}],"collection":[{"href":"https:\/\/patisserie-neu.fr\/index.php\/wp-json\/wp\/v2\/pages"}],"about":[{"href":"https:\/\/patisserie-neu.fr\/index.php\/wp-json\/wp\/v2\/types\/page"}],"author":[{"embeddable":true,"href":"https:\/\/patisserie-neu.fr\/index.php\/wp-json\/wp\/v2\/users\/1"}],"replies":[{"embeddable":true,"href":"https:\/\/patisserie-neu.fr\/index.php\/wp-json\/wp\/v2\/comments?post=431"}],"version-history":[{"count":14,"href":"https:\/\/patisserie-neu.fr\/index.php\/wp-json\/wp\/v2\/pages\/431\/revisions"}],"predecessor-version":[{"id":1306,"href":"https:\/\/patisserie-neu.fr\/index.php\/wp-json\/wp\/v2\/pages\/431\/revisions\/1306"}],"up":[{"embeddable":true,"href":"https:\/\/patisserie-neu.fr\/index.php\/wp-json\/wp\/v2\/pages\/10"}],"wp:attachment":[{"href":"https:\/\/patisserie-neu.fr\/index.php\/wp-json\/wp\/v2\/media?parent=431"}],"curies":[{"name":"wp","href":"https:\/\/api.w.org\/{rel}","templated":true}]}}