{"id":845,"date":"2023-12-08T12:17:27","date_gmt":"2023-12-08T11:17:27","guid":{"rendered":"https:\/\/patisserie-neu.fr\/?page_id=845"},"modified":"2023-12-08T12:17:28","modified_gmt":"2023-12-08T11:17:28","slug":"politique-de-confidentialite","status":"publish","type":"page","link":"https:\/\/patisserie-neu.fr\/index.php\/politique-de-confidentialite\/","title":{"rendered":"Politique de confidentialit\u00e9"},"content":{"rendered":"\n<h2 class=\"wp-block-heading\">Qui sommes-nous&nbsp;?<\/h2>\n\n\n\n<p><strong class=\"privacy-policy-tutorial\"> <\/strong>L\u2019adresse de notre site est\u00a0: https:\/\/patisserie-neu.fr<\/p>\n\n\n\n<p>P\u00e2tisserie Ne\u00fc<br>1 Chemin de la gare<br>64490 Accous &#8211; Vall\u00e9e d&rsquo;Aspe<br>T\u00e9l : 06.13.13.12.17<br>\u00a0Email : patisserie.neu@gmail.com<\/p>\n\n\n\n<p>\u00a0Directrice de la publication : M\u00e9laine Camou-Junca<\/p>\n\n\n\n<h3 class=\"wp-block-heading\">H\u00e9bergement du site<\/h3>\n\n\n\n<p>Site h\u00e9berg\u00e9 par la soci\u00e9t\u00e9 OVH. <\/p>\n\n\n\n<p>Si\u00e8ge social : 2 rue Kellermann &#8211; 59100 Roubaix &#8211; France<\/p>\n\n\n\n<h2 class=\"wp-block-heading\">Commentaires<\/h2>\n\n\n\n<p>Quand vous laissez un commentaire sur notre site, les donn\u00e9es inscrites dans le formulaire de commentaire, ainsi que votre adresse IP et l\u2019agent utilisateur de votre navigateur sont collect\u00e9s pour nous aider \u00e0 la d\u00e9tection des commentaires ind\u00e9sirables.<\/p>\n\n\n\n<p>Une cha\u00eene anonymis\u00e9e cr\u00e9\u00e9e \u00e0 partir de votre adresse e-mail (\u00e9galement appel\u00e9e hash) peut \u00eatre envoy\u00e9e au service Gravatar pour v\u00e9rifier si vous utilisez ce dernier. Les clauses de confidentialit\u00e9 du service Gravatar sont disponibles ici&nbsp;: https:\/\/automattic.com\/privacy\/. Apr\u00e8s validation de votre commentaire, votre photo de profil sera visible publiquement \u00e0 cot\u00e9 de votre commentaire.<\/p>\n\n\n\n<h2 class=\"wp-block-heading\">M\u00e9dias<\/h2>\n\n\n\n<p>Si vous t\u00e9l\u00e9versez des images sur le site, nous vous conseillons d\u2019\u00e9viter de t\u00e9l\u00e9verser des images contenant des donn\u00e9es EXIF de coordonn\u00e9es GPS. Les personnes visitant votre site peuvent t\u00e9l\u00e9charger et extraire des donn\u00e9es de localisation depuis ces images.<\/p>\n\n\n\n<h2 class=\"wp-block-heading\">Cookies<\/h2>\n\n\n\n<p>Si vous d\u00e9posez un commentaire sur notre site, il vous sera propos\u00e9 d\u2019enregistrer votre nom, adresse e-mail et site dans des cookies. C\u2019est uniquement pour votre confort afin de ne pas avoir \u00e0 saisir ces informations si vous d\u00e9posez un autre commentaire plus tard. Ces cookies expirent au bout d\u2019un an.<\/p>\n\n\n\n<p>En modifiant ou en publiant une publication, un cookie suppl\u00e9mentaire sera enregistr\u00e9 dans votre navigateur. Ce cookie ne comprend aucune donn\u00e9e personnelle. Il indique simplement l\u2019ID de la publication que vous venez de modifier. Il expire au bout d\u2019un jour.<\/p>\n\n\n\n<h2 class=\"wp-block-heading\">Contenu embarqu\u00e9 depuis d\u2019autres sites<\/h2>\n\n\n\n<p>Les articles de ce site peuvent inclure des contenus int\u00e9gr\u00e9s (par exemple des vid\u00e9os, images, articles\u2026). Le contenu int\u00e9gr\u00e9 depuis d\u2019autres sites se comporte de la m\u00eame mani\u00e8re que si le visiteur se rendait sur cet autre site.<\/p>\n\n\n\n<p>Ces sites web pourraient collecter des donn\u00e9es sur vous, utiliser des cookies, embarquer des outils de suivis tiers, suivre vos interactions avec ces contenus embarqu\u00e9s si vous disposez d\u2019un compte connect\u00e9 sur leur site web.<\/p>\n\n\n\n<h2 class=\"wp-block-heading\">Dur\u00e9es de stockage de vos donn\u00e9es<\/h2>\n\n\n\n<p>Si vous laissez un commentaire, le commentaire et ses m\u00e9tadonn\u00e9es sont conserv\u00e9s ind\u00e9finiment. Cela permet de reconna\u00eetre et approuver automatiquement les commentaires suivants au lieu de les laisser dans la file de mod\u00e9ration.<\/p>\n\n\n\n<h2 class=\"wp-block-heading\">Les droits que vous avez sur vos donn\u00e9es<\/h2>\n\n\n\n<p><strong class=\"privacy-policy-tutorial\"> <\/strong>Si vous avez un compte ou si vous avez laiss\u00e9 des commentaires sur le site, vous pouvez demander \u00e0 recevoir un fichier contenant toutes les donn\u00e9es personnelles que nous poss\u00e9dons \u00e0 votre sujet, incluant celles que vous nous avez fournies. Vous pouvez \u00e9galement demander la suppression des donn\u00e9es personnelles vous concernant. Cela ne prend pas en compte les donn\u00e9es stock\u00e9es \u00e0 des fins administratives, l\u00e9gales ou pour des raisons de s\u00e9curit\u00e9.<\/p>\n","protected":false},"excerpt":{"rendered":"<p>Qui sommes-nous&nbsp;? L\u2019adresse de notre site est\u00a0: https:\/\/patisserie-neu.fr P\u00e2tisserie Ne\u00fc1 Chemin de la gare64490 Accous &#8211; Vall\u00e9e d&rsquo;AspeT\u00e9l : 06.13.13.12.17\u00a0Email : patisserie.neu@gmail.com \u00a0Directrice de la publication : M\u00e9laine Camou-Junca H\u00e9bergement du site Site h\u00e9berg\u00e9 par la soci\u00e9t\u00e9 OVH. Si\u00e8ge social : 2 rue Kellermann &#8211; 59100 Roubaix &#8211; France Commentaires Quand vous laissez un commentaire&hellip;&nbsp;<a href=\"https:\/\/patisserie-neu.fr\/index.php\/politique-de-confidentialite\/\" class=\"\" rel=\"bookmark\">Lire la suite &raquo;<span class=\"screen-reader-text\">Politique de confidentialit\u00e9<\/span><\/a><\/p>\n","protected":false},"author":1,"featured_media":0,"parent":0,"menu_order":0,"comment_status":"closed","ping_status":"closed","template":"","meta":{"_uag_custom_page_level_css":"","_monsterinsights_skip_tracking":false,"_monsterinsights_sitenote_active":false,"_monsterinsights_sitenote_note":"","_monsterinsights_sitenote_category":0,"neve_meta_sidebar":"","neve_meta_container":"","neve_meta_enable_content_width":"","neve_meta_content_width":0,"neve_meta_title_alignment":"","neve_meta_author_avatar":"","neve_post_elements_order":"","neve_meta_disable_header":"","neve_meta_disable_footer":"","neve_meta_disable_title":"","footnotes":""},"class_list":["post-845","page","type-page","status-publish","hentry"],"yoast_head":"<!-- This site is optimized with the Yoast SEO plugin v21.5 - https:\/\/yoast.com\/wordpress\/plugins\/seo\/ -->\n<title>Politique de confidentialit\u00e9 - P\u00e2tisserie Ne\u00fc<\/title>\n<meta name=\"robots\" content=\"index, follow, max-snippet:-1, max-image-preview:large, max-video-preview:-1\" \/>\n<link rel=\"canonical\" href=\"https:\/\/patisserie-neu.fr\/index.php\/politique-de-confidentialite\/\" \/>\n<meta property=\"og:locale\" content=\"fr_FR\" \/>\n<meta property=\"og:type\" content=\"article\" \/>\n<meta property=\"og:title\" content=\"Politique de confidentialit\u00e9 - P\u00e2tisserie Ne\u00fc\" \/>\n<meta property=\"og:description\" content=\"Qui sommes-nous&nbsp;? L\u2019adresse de notre site est\u00a0: https:\/\/patisserie-neu.fr P\u00e2tisserie Ne\u00fc1 Chemin de la gare64490 Accous &#8211; Vall\u00e9e d&rsquo;AspeT\u00e9l : 06.13.13.12.17\u00a0Email : patisserie.neu@gmail.com \u00a0Directrice de la publication : M\u00e9laine Camou-Junca H\u00e9bergement du site Site h\u00e9berg\u00e9 par la soci\u00e9t\u00e9 OVH. Si\u00e8ge social : 2 rue Kellermann &#8211; 59100 Roubaix &#8211; France Commentaires Quand vous laissez un commentaire&hellip;&nbsp;Lire la suite &raquo;Politique de confidentialit\u00e9\" \/>\n<meta property=\"og:url\" content=\"https:\/\/patisserie-neu.fr\/index.php\/politique-de-confidentialite\/\" \/>\n<meta property=\"og:site_name\" content=\"P\u00e2tisserie Ne\u00fc\" \/>\n<meta property=\"article:publisher\" content=\"https:\/\/www.facebook.com\/Melaine.Gourmandises\" \/>\n<meta property=\"article:modified_time\" content=\"2023-12-08T11:17:28+00:00\" \/>\n<meta property=\"og:image\" content=\"https:\/\/patisserie-neu.fr\/wp-content\/uploads\/2023\/11\/cropped-logo_neu_rvb_fond-blanc-1.jpg\" \/>\n\t<meta property=\"og:image:width\" content=\"512\" \/>\n\t<meta property=\"og:image:height\" content=\"512\" \/>\n\t<meta property=\"og:image:type\" content=\"image\/jpeg\" \/>\n<meta name=\"twitter:card\" content=\"summary_large_image\" \/>\n<meta name=\"twitter:label1\" content=\"Dur\u00e9e de lecture estim\u00e9e\" \/>\n\t<meta name=\"twitter:data1\" content=\"3 minutes\" \/>\n<script type=\"application\/ld+json\" class=\"yoast-schema-graph\">{\"@context\":\"https:\/\/schema.org\",\"@graph\":[{\"@type\":\"WebPage\",\"@id\":\"https:\/\/patisserie-neu.fr\/index.php\/politique-de-confidentialite\/\",\"url\":\"https:\/\/patisserie-neu.fr\/index.php\/politique-de-confidentialite\/\",\"name\":\"Politique de confidentialit\u00e9 - P\u00e2tisserie Ne\u00fc\",\"isPartOf\":{\"@id\":\"https:\/\/patisserie-neu.fr\/#website\"},\"datePublished\":\"2023-12-08T11:17:27+00:00\",\"dateModified\":\"2023-12-08T11:17:28+00:00\",\"breadcrumb\":{\"@id\":\"https:\/\/patisserie-neu.fr\/index.php\/politique-de-confidentialite\/#breadcrumb\"},\"inLanguage\":\"fr-FR\",\"potentialAction\":[{\"@type\":\"ReadAction\",\"target\":[\"https:\/\/patisserie-neu.fr\/index.php\/politique-de-confidentialite\/\"]}]},{\"@type\":\"BreadcrumbList\",\"@id\":\"https:\/\/patisserie-neu.fr\/index.php\/politique-de-confidentialite\/#breadcrumb\",\"itemListElement\":[{\"@type\":\"ListItem\",\"position\":1,\"name\":\"Accueil\",\"item\":\"https:\/\/patisserie-neu.fr\/\"},{\"@type\":\"ListItem\",\"position\":2,\"name\":\"Politique de confidentialit\u00e9\"}]},{\"@type\":\"WebSite\",\"@id\":\"https:\/\/patisserie-neu.fr\/#website\",\"url\":\"https:\/\/patisserie-neu.fr\/\",\"name\":\"P\u00e2tisserie Ne\u00fc\",\"description\":\"\",\"publisher\":{\"@id\":\"https:\/\/patisserie-neu.fr\/#organization\"},\"alternateName\":\"Ne\u00fc\",\"potentialAction\":[{\"@type\":\"SearchAction\",\"target\":{\"@type\":\"EntryPoint\",\"urlTemplate\":\"https:\/\/patisserie-neu.fr\/?s={search_term_string}\"},\"query-input\":\"required name=search_term_string\"}],\"inLanguage\":\"fr-FR\"},{\"@type\":\"Organization\",\"@id\":\"https:\/\/patisserie-neu.fr\/#organization\",\"name\":\"Patisserie Ne\u00fc\",\"url\":\"https:\/\/patisserie-neu.fr\/\",\"logo\":{\"@type\":\"ImageObject\",\"inLanguage\":\"fr-FR\",\"@id\":\"https:\/\/patisserie-neu.fr\/#\/schema\/logo\/image\/\",\"url\":\"https:\/\/patisserie-neu.fr\/wp-content\/uploads\/2023\/11\/cropped-logo_neu_rvb_fond-blanc-1.jpg\",\"contentUrl\":\"https:\/\/patisserie-neu.fr\/wp-content\/uploads\/2023\/11\/cropped-logo_neu_rvb_fond-blanc-1.jpg\",\"width\":512,\"height\":512,\"caption\":\"Patisserie Ne\u00fc\"},\"image\":{\"@id\":\"https:\/\/patisserie-neu.fr\/#\/schema\/logo\/image\/\"},\"sameAs\":[\"https:\/\/www.facebook.com\/Melaine.Gourmandises\",\"https:\/\/www.instagram.com\/patisserie.neu\/\"]}]}<\/script>\n<!-- \/ Yoast SEO plugin. -->","yoast_head_json":{"title":"Politique de confidentialit\u00e9 - P\u00e2tisserie Ne\u00fc","robots":{"index":"index","follow":"follow","max-snippet":"max-snippet:-1","max-image-preview":"max-image-preview:large","max-video-preview":"max-video-preview:-1"},"canonical":"https:\/\/patisserie-neu.fr\/index.php\/politique-de-confidentialite\/","og_locale":"fr_FR","og_type":"article","og_title":"Politique de confidentialit\u00e9 - P\u00e2tisserie Ne\u00fc","og_description":"Qui sommes-nous&nbsp;? L\u2019adresse de notre site est\u00a0: https:\/\/patisserie-neu.fr P\u00e2tisserie Ne\u00fc1 Chemin de la gare64490 Accous &#8211; Vall\u00e9e d&rsquo;AspeT\u00e9l : 06.13.13.12.17\u00a0Email : patisserie.neu@gmail.com \u00a0Directrice de la publication : M\u00e9laine Camou-Junca H\u00e9bergement du site Site h\u00e9berg\u00e9 par la soci\u00e9t\u00e9 OVH. Si\u00e8ge social : 2 rue Kellermann &#8211; 59100 Roubaix &#8211; France Commentaires Quand vous laissez un commentaire&hellip;&nbsp;Lire la suite &raquo;Politique de confidentialit\u00e9","og_url":"https:\/\/patisserie-neu.fr\/index.php\/politique-de-confidentialite\/","og_site_name":"P\u00e2tisserie Ne\u00fc","article_publisher":"https:\/\/www.facebook.com\/Melaine.Gourmandises","article_modified_time":"2023-12-08T11:17:28+00:00","og_image":[{"width":512,"height":512,"url":"https:\/\/patisserie-neu.fr\/wp-content\/uploads\/2023\/11\/cropped-logo_neu_rvb_fond-blanc-1.jpg","type":"image\/jpeg"}],"twitter_card":"summary_large_image","twitter_misc":{"Dur\u00e9e de lecture estim\u00e9e":"3 minutes"},"schema":{"@context":"https:\/\/schema.org","@graph":[{"@type":"WebPage","@id":"https:\/\/patisserie-neu.fr\/index.php\/politique-de-confidentialite\/","url":"https:\/\/patisserie-neu.fr\/index.php\/politique-de-confidentialite\/","name":"Politique de confidentialit\u00e9 - P\u00e2tisserie Ne\u00fc","isPartOf":{"@id":"https:\/\/patisserie-neu.fr\/#website"},"datePublished":"2023-12-08T11:17:27+00:00","dateModified":"2023-12-08T11:17:28+00:00","breadcrumb":{"@id":"https:\/\/patisserie-neu.fr\/index.php\/politique-de-confidentialite\/#breadcrumb"},"inLanguage":"fr-FR","potentialAction":[{"@type":"ReadAction","target":["https:\/\/patisserie-neu.fr\/index.php\/politique-de-confidentialite\/"]}]},{"@type":"BreadcrumbList","@id":"https:\/\/patisserie-neu.fr\/index.php\/politique-de-confidentialite\/#breadcrumb","itemListElement":[{"@type":"ListItem","position":1,"name":"Accueil","item":"https:\/\/patisserie-neu.fr\/"},{"@type":"ListItem","position":2,"name":"Politique de confidentialit\u00e9"}]},{"@type":"WebSite","@id":"https:\/\/patisserie-neu.fr\/#website","url":"https:\/\/patisserie-neu.fr\/","name":"P\u00e2tisserie Ne\u00fc","description":"","publisher":{"@id":"https:\/\/patisserie-neu.fr\/#organization"},"alternateName":"Ne\u00fc","potentialAction":[{"@type":"SearchAction","target":{"@type":"EntryPoint","urlTemplate":"https:\/\/patisserie-neu.fr\/?s={search_term_string}"},"query-input":"required name=search_term_string"}],"inLanguage":"fr-FR"},{"@type":"Organization","@id":"https:\/\/patisserie-neu.fr\/#organization","name":"Patisserie Ne\u00fc","url":"https:\/\/patisserie-neu.fr\/","logo":{"@type":"ImageObject","inLanguage":"fr-FR","@id":"https:\/\/patisserie-neu.fr\/#\/schema\/logo\/image\/","url":"https:\/\/patisserie-neu.fr\/wp-content\/uploads\/2023\/11\/cropped-logo_neu_rvb_fond-blanc-1.jpg","contentUrl":"https:\/\/patisserie-neu.fr\/wp-content\/uploads\/2023\/11\/cropped-logo_neu_rvb_fond-blanc-1.jpg","width":512,"height":512,"caption":"Patisserie Ne\u00fc"},"image":{"@id":"https:\/\/patisserie-neu.fr\/#\/schema\/logo\/image\/"},"sameAs":["https:\/\/www.facebook.com\/Melaine.Gourmandises","https:\/\/www.instagram.com\/patisserie.neu\/"]}]}},"jetpack_sharing_enabled":true,"uagb_featured_image_src":{"full":false,"thumbnail":false,"medium":false,"medium_large":false,"large":false,"1536x1536":false,"2048x2048":false,"neve-blog":false},"uagb_author_info":{"display_name":"admin8768","author_link":"https:\/\/patisserie-neu.fr\/index.php\/author\/admin8768\/"},"uagb_comment_info":0,"uagb_excerpt":"Qui sommes-nous&nbsp;? L\u2019adresse de notre site est\u00a0: https:\/\/patisserie-neu.fr P\u00e2tisserie Ne\u00fc1 Chemin de la gare64490 Accous &#8211; Vall\u00e9e d&rsquo;AspeT\u00e9l : 06.13.13.12.17\u00a0Email : patisserie.neu@gmail.com \u00a0Directrice de la publication : M\u00e9laine Camou-Junca H\u00e9bergement du site Site h\u00e9berg\u00e9 par la soci\u00e9t\u00e9 OVH. Si\u00e8ge social : 2 rue Kellermann &#8211; 59100 Roubaix &#8211; France Commentaires Quand vous laissez un commentaire&hellip;&nbsp;Lire\u2026","_links":{"self":[{"href":"https:\/\/patisserie-neu.fr\/index.php\/wp-json\/wp\/v2\/pages\/845","targetHints":{"allow":["GET"]}}],"collection":[{"href":"https:\/\/patisserie-neu.fr\/index.php\/wp-json\/wp\/v2\/pages"}],"about":[{"href":"https:\/\/patisserie-neu.fr\/index.php\/wp-json\/wp\/v2\/types\/page"}],"author":[{"embeddable":true,"href":"https:\/\/patisserie-neu.fr\/index.php\/wp-json\/wp\/v2\/users\/1"}],"replies":[{"embeddable":true,"href":"https:\/\/patisserie-neu.fr\/index.php\/wp-json\/wp\/v2\/comments?post=845"}],"version-history":[{"count":1,"href":"https:\/\/patisserie-neu.fr\/index.php\/wp-json\/wp\/v2\/pages\/845\/revisions"}],"predecessor-version":[{"id":846,"href":"https:\/\/patisserie-neu.fr\/index.php\/wp-json\/wp\/v2\/pages\/845\/revisions\/846"}],"wp:attachment":[{"href":"https:\/\/patisserie-neu.fr\/index.php\/wp-json\/wp\/v2\/media?parent=845"}],"curies":[{"name":"wp","href":"https:\/\/api.w.org\/{rel}","templated":true}]}}